{"id":1172,"date":"2022-04-12T17:21:20","date_gmt":"2022-04-12T15:21:20","guid":{"rendered":"https:\/\/duedelmonte.it\/?post_type=product&#038;p=1172"},"modified":"2026-01-18T13:32:20","modified_gmt":"2026-01-18T12:32:20","slug":"sauvignon-d-o-c-collio","status":"publish","type":"product","link":"https:\/\/duedelmonte.it\/it\/prodotto\/sauvignon-d-o-c-collio\/","title":{"rendered":"Sauvignon D.O.C. Collio"},"content":{"rendered":"<p>Naso elegante con sentori tropicali e fumo dolce. In bocca quasi setoso, con un nucleo di minerali salini.  Bellissima acidit\u00e0 e freschezza che d\u00e0 al vino una meravigliosa bevibilit\u00e0. E completamente secco con circa 14,5 % vol alcol.<\/p>","protected":false},"excerpt":{"rendered":"<p>Naso elegante con sentori tropicali e fumo dolce. In bocca quasi setoso, con un nucleo di minerali salini.  Bellissima acidit\u00e0 e freschezza che d\u00e0 al vino una meravigliosa bevibilit\u00e0. E completamente secco con circa 14,5 % vol alcol.<\/p>","protected":false},"featured_media":1233,"comment_status":"open","ping_status":"closed","template":"","meta":{"inline_featured_image":false},"product_cat":[24,21,19],"product_tag":[],"acf":[],"_links":{"self":[{"href":"https:\/\/duedelmonte.it\/it\/wp-json\/wp\/v2\/product\/1172"}],"collection":[{"href":"https:\/\/duedelmonte.it\/it\/wp-json\/wp\/v2\/product"}],"about":[{"href":"https:\/\/duedelmonte.it\/it\/wp-json\/wp\/v2\/types\/product"}],"replies":[{"embeddable":true,"href":"https:\/\/duedelmonte.it\/it\/wp-json\/wp\/v2\/comments?post=1172"}],"version-history":[{"count":9,"href":"https:\/\/duedelmonte.it\/it\/wp-json\/wp\/v2\/product\/1172\/revisions"}],"predecessor-version":[{"id":1507,"href":"https:\/\/duedelmonte.it\/it\/wp-json\/wp\/v2\/product\/1172\/revisions\/1507"}],"wp:featuredmedia":[{"embeddable":true,"href":"https:\/\/duedelmonte.it\/it\/wp-json\/wp\/v2\/media\/1233"}],"wp:attachment":[{"href":"https:\/\/duedelmonte.it\/it\/wp-json\/wp\/v2\/media?parent=1172"}],"wp:term":[{"taxonomy":"product_cat","embeddable":true,"href":"https:\/\/duedelmonte.it\/it\/wp-json\/wp\/v2\/product_cat?post=1172"},{"taxonomy":"product_tag","embeddable":true,"href":"https:\/\/duedelmonte.it\/it\/wp-json\/wp\/v2\/product_tag?post=1172"}],"curies":[{"name":"wp","href":"https:\/\/api.w.org\/{rel}","templated":true}]}}