{"id":970,"date":"2021-02-10T13:26:01","date_gmt":"2021-02-10T13:26:01","guid":{"rendered":"https:\/\/duedelmonte.it\/?page_id=970"},"modified":"2025-11-10T21:23:46","modified_gmt":"2025-11-10T20:23:46","slug":"home-2","status":"publish","type":"page","link":"https:\/\/duedelmonte.it\/it\/","title":{"rendered":"Home"},"content":{"rendered":"<div data-elementor-type=\"wp-page\" data-elementor-id=\"970\" class=\"elementor elementor-970\">\n\t\t\t\t\t\t<div class=\"elementor-inner\">\n\t\t\t\t<div class=\"elementor-section-wrap\">\n\t\t\t\t\t\t\t\t\t<section class=\"elementor-section elementor-top-section elementor-element elementor-element-770d898 elementor-section-full_width elementor-section-height-min-height elementor-section-stretched elementor-section-height-default elementor-section-items-middle\" data-id=\"770d898\" data-element_type=\"section\" data-settings=\"{&quot;stretch_section&quot;:&quot;section-stretched&quot;,&quot;background_background&quot;:&quot;classic&quot;,&quot;background_motion_fx_motion_fx_scrolling&quot;:&quot;yes&quot;,&quot;background_motion_fx_devices&quot;:[&quot;desktop&quot;,&quot;tablet&quot;,&quot;mobile&quot;]}\">\n\t\t\t\t\t\t<div class=\"elementor-container elementor-column-gap-no\">\n\t\t\t\t\t\t\t<div class=\"elementor-row\">\n\t\t\t\t\t<div class=\"elementor-column elementor-col-100 elementor-top-column elementor-element elementor-element-ef7a91a\" data-id=\"ef7a91a\" data-element_type=\"column\">\n\t\t\t<div class=\"elementor-column-wrap\">\n\t\t\t\t\t\t\t<div class=\"elementor-widget-wrap\">\n\t\t\t\t\t\t\t\t<\/div>\n\t\t\t\t\t<\/div>\n\t\t<\/div>\n\t\t\t\t\t\t\t\t<\/div>\n\t\t\t\t\t<\/div>\n\t\t<\/section>\n\t\t\t\t<section class=\"elementor-section elementor-top-section elementor-element elementor-element-762a0a2 elementor-section-boxed elementor-section-height-default elementor-section-height-default\" data-id=\"762a0a2\" data-element_type=\"section\">\n\t\t\t\t\t\t<div class=\"elementor-container elementor-column-gap-default\">\n\t\t\t\t\t\t\t<div class=\"elementor-row\">\n\t\t\t\t\t<div class=\"elementor-column elementor-col-50 elementor-top-column elementor-element elementor-element-ccae75e\" data-id=\"ccae75e\" data-element_type=\"column\">\n\t\t\t<div class=\"elementor-column-wrap elementor-element-populated\">\n\t\t\t\t\t\t\t<div class=\"elementor-widget-wrap\">\n\t\t\t\t\t\t<div class=\"elementor-element elementor-element-aa2a1d5 elementor-widget elementor-widget-text-editor\" data-id=\"aa2a1d5\" data-element_type=\"widget\" data-widget_type=\"text-editor.default\">\n\t\t\t\t<div class=\"elementor-widget-container\">\n\t\t\t\t\t\t\t\t<div class=\"elementor-text-editor elementor-clearfix\">\n\t\t\t\t<p>Nei vigneti di Due del Monte, fissiamo i pi\u00f9 alti standard per metodi di coltivazione ecosostenibili e una viticoltura rispettosa dell'ambiente che esclude l'uso di fertilizzanti chimici artificiali,  fungicidi o erbicidi.<\/p>\t\t\t\t\t<\/div>\n\t\t\t\t\t\t<\/div>\n\t\t\t\t<\/div>\n\t\t\t\t\t\t<\/div>\n\t\t\t\t\t<\/div>\n\t\t<\/div>\n\t\t\t\t<div class=\"elementor-column elementor-col-50 elementor-top-column elementor-element elementor-element-5ccf8a7\" data-id=\"5ccf8a7\" data-element_type=\"column\" data-settings=\"{&quot;background_background&quot;:&quot;classic&quot;}\">\n\t\t\t<div class=\"elementor-column-wrap elementor-element-populated\">\n\t\t\t\t\t\t\t<div class=\"elementor-widget-wrap\">\n\t\t\t\t\t\t<div class=\"elementor-element elementor-element-28a26d9 elementor-widget elementor-widget-video\" data-id=\"28a26d9\" data-element_type=\"widget\" data-settings=\"{&quot;video_type&quot;:&quot;hosted&quot;,&quot;controls&quot;:&quot;yes&quot;}\" data-widget_type=\"video.default\">\n\t\t\t\t<div class=\"elementor-widget-container\">\n\t\t\t\t\t<div class=\"e-hosted-video elementor-wrapper elementor-open-inline\">\n\t\t\t\t\t<video class=\"elementor-video\" src=\"https:\/\/duedelmonte.it\/wp-content\/uploads\/2021\/02\/Due-del-Monte-Image-Video_2021_35sec_720p_music.mp4\" controls=\"\" preload=\"metadata\" controlslist=\"nodownload\"><\/video>\n\t\t\t\t<\/div>\n\t\t\t\t<\/div>\n\t\t\t\t<\/div>\n\t\t\t\t\t\t<\/div>\n\t\t\t\t\t<\/div>\n\t\t<\/div>\n\t\t\t\t\t\t\t\t<\/div>\n\t\t\t\t\t<\/div>\n\t\t<\/section>\n\t\t\t\t<section class=\"elementor-section elementor-top-section elementor-element elementor-element-fbbb2c2 elementor-section-boxed elementor-section-height-default elementor-section-height-default\" data-id=\"fbbb2c2\" data-element_type=\"section\">\n\t\t\t\t\t\t<div class=\"elementor-container elementor-column-gap-no\">\n\t\t\t\t\t\t\t<div class=\"elementor-row\">\n\t\t\t\t\t<div class=\"elementor-column elementor-col-100 elementor-top-column elementor-element elementor-element-6717863\" data-id=\"6717863\" data-element_type=\"column\">\n\t\t\t<div class=\"elementor-column-wrap elementor-element-populated\">\n\t\t\t\t\t\t\t<div class=\"elementor-widget-wrap\">\n\t\t\t\t\t\t<div class=\"elementor-element elementor-element-d73714c elementor-widget-divider--view-line elementor-widget elementor-widget-divider\" data-id=\"d73714c\" data-element_type=\"widget\" data-widget_type=\"divider.default\">\n\t\t\t\t<div class=\"elementor-widget-container\">\n\t\t\t\t\t<div class=\"elementor-divider\">\n\t\t\t<span class=\"elementor-divider-separator\">\n\t\t\t\t\t\t<\/span>\n\t\t<\/div>\n\t\t\t\t<\/div>\n\t\t\t\t<\/div>\n\t\t\t\t<div class=\"elementor-element elementor-element-6f2797f elementor-widget elementor-widget-heading\" data-id=\"6f2797f\" data-element_type=\"widget\" data-widget_type=\"heading.default\">\n\t\t\t\t<div class=\"elementor-widget-container\">\n\t\t\t<h2 class=\"elementor-heading-title elementor-size-default\">La nostra storia<\/h2>\t\t<\/div>\n\t\t\t\t<\/div>\n\t\t\t\t<section class=\"elementor-section elementor-inner-section elementor-element elementor-element-f7f543e elementor-section-boxed elementor-section-height-default elementor-section-height-default\" data-id=\"f7f543e\" data-element_type=\"section\">\n\t\t\t\t\t\t<div class=\"elementor-container elementor-column-gap-no\">\n\t\t\t\t\t\t\t<div class=\"elementor-row\">\n\t\t\t\t\t<div class=\"elementor-column elementor-col-50 elementor-inner-column elementor-element elementor-element-e78bed8\" data-id=\"e78bed8\" data-element_type=\"column\">\n\t\t\t<div class=\"elementor-column-wrap elementor-element-populated\">\n\t\t\t\t\t\t\t<div class=\"elementor-widget-wrap\">\n\t\t\t\t\t\t<div class=\"elementor-element elementor-element-a6795ad elementor-widget elementor-widget-text-editor\" data-id=\"a6795ad\" data-element_type=\"widget\" data-widget_type=\"text-editor.default\">\n\t\t\t\t<div class=\"elementor-widget-container\">\n\t\t\t\t\t\t\t\t<div class=\"elementor-text-editor elementor-clearfix\">\n\t\t\t\t<p>Due amici in viaggio tra le suggestive colline del Friuli, nel nord-est dell'Italia, casualmente vennero folgorati da un posto speciale, nascosto tra gli ultimi rilievi collinari che si affacciano direttamente sul Mare Adriatico: il Monte Quarin. Qui la vite viene coltivata fin dai tempi antichi con risultati eccezionali, grazie all'ottima esposizione, l'escursione termica e l'unicit\u00e0 dei suoi terreni.<\/p><p>La loro passione per il vino, nei primi anni, si concretizz\u00f2 in alcuni progetti che presero vita grazie alla collaborazione con alcune cantine della zona ma, il desiderio di fondare un'azienda vitivinicola propria era molto forte. Cos\u00ec dopo alcuni anni decisero di acquistare una cantina ed alcuni appezzamenti sul Monte Quarin per un totale di 10,5 ettari. Fin dal principio decisero di chiamare l'azienda Due del Monte in virt\u00f9 della storia che aveva accompagnato il progetto. Nel 2018 venne selezionato un nuovo staff e una nuova realt\u00e0 ebbe inizio in Collio.<\/p>\t\t\t\t\t<\/div>\n\t\t\t\t\t\t<\/div>\n\t\t\t\t<\/div>\n\t\t\t\t\t\t<\/div>\n\t\t\t\t\t<\/div>\n\t\t<\/div>\n\t\t\t\t<div class=\"elementor-column elementor-col-50 elementor-inner-column elementor-element elementor-element-ba2b275\" data-id=\"ba2b275\" data-element_type=\"column\" data-settings=\"{&quot;background_background&quot;:&quot;slideshow&quot;,&quot;background_slideshow_gallery&quot;:[{&quot;id&quot;:1185,&quot;url&quot;:&quot;https:\\\/\\\/duedelmonte.it\\\/wp-content\\\/uploads\\\/2022\\\/05\\\/DDM_team_2022-scaled.jpg&quot;},{&quot;id&quot;:532,&quot;url&quot;:&quot;https:\\\/\\\/duedelmonte.it\\\/wp-content\\\/uploads\\\/2021\\\/02\\\/Glas_MGL8583_500x700px.jpg&quot;}],&quot;background_slideshow_loop&quot;:&quot;yes&quot;,&quot;background_slideshow_slide_duration&quot;:5000,&quot;background_slideshow_slide_transition&quot;:&quot;fade&quot;,&quot;background_slideshow_transition_duration&quot;:500}\">\n\t\t\t<div class=\"elementor-column-wrap\">\n\t\t\t\t\t\t\t<div class=\"elementor-widget-wrap\">\n\t\t\t\t\t\t\t\t<\/div>\n\t\t\t\t\t<\/div>\n\t\t<\/div>\n\t\t\t\t\t\t\t\t<\/div>\n\t\t\t\t\t<\/div>\n\t\t<\/section>\n\t\t\t\t<div class=\"elementor-element elementor-element-b7e3481 elementor-widget elementor-widget-text-editor\" data-id=\"b7e3481\" data-element_type=\"widget\" data-widget_type=\"text-editor.default\">\n\t\t\t\t<div class=\"elementor-widget-container\">\n\t\t\t\t\t\t\t\t<div class=\"elementor-text-editor elementor-clearfix\">\n\t\t\t\t<p>Le variet\u00e0 coltivate sono: Friulano, Ribolla Gialla, Malvasia Istriana, Sauvignon, Merlot, Cabernet Sauvignon e Cabernet Franc.<\/p><p>I nostri vini bianchi sono ottenuti da variet\u00e0 classiche del Collio, vinificati tradizionalmente e affinati in barriques, che permettono di ottenere vini eleganti, profondi e di grande persistenza.<\/p><p>Per quanto riguarda i vini rossi, ci siamo focalizzati principalmente sul Merlot, l'unica variet\u00e0 che ogni anno garantisce una perfetta maturazione delle sue uve.<\/p><p>I vini sono suadenti al palato, corposi, vellutati, sostenuti da una buona acidit\u00e0 e da un tannino poco aggressivo che li rende molto piacevoli da bere sia da giovani che dopo un lungo invecchiamento.<\/p>\t\t\t\t\t<\/div>\n\t\t\t\t\t\t<\/div>\n\t\t\t\t<\/div>\n\t\t\t\t\t\t<\/div>\n\t\t\t\t\t<\/div>\n\t\t<\/div>\n\t\t\t\t\t\t\t\t<\/div>\n\t\t\t\t\t<\/div>\n\t\t<\/section>\n\t\t\t\t<section class=\"elementor-section elementor-top-section elementor-element elementor-element-a4b41fe elementor-section-boxed elementor-section-height-default elementor-section-height-default\" data-id=\"a4b41fe\" data-element_type=\"section\">\n\t\t\t\t\t\t<div class=\"elementor-container elementor-column-gap-no\">\n\t\t\t\t\t\t\t<div class=\"elementor-row\">\n\t\t\t\t\t<div class=\"elementor-column elementor-col-100 elementor-top-column elementor-element elementor-element-10b8ea5\" data-id=\"10b8ea5\" data-element_type=\"column\">\n\t\t\t<div class=\"elementor-column-wrap elementor-element-populated\">\n\t\t\t\t\t\t\t<div class=\"elementor-widget-wrap\">\n\t\t\t\t\t\t<div class=\"elementor-element elementor-element-b146bc2 elementor-widget-divider--view-line elementor-widget elementor-widget-divider\" data-id=\"b146bc2\" data-element_type=\"widget\" data-widget_type=\"divider.default\">\n\t\t\t\t<div class=\"elementor-widget-container\">\n\t\t\t\t\t<div class=\"elementor-divider\">\n\t\t\t<span class=\"elementor-divider-separator\">\n\t\t\t\t\t\t<\/span>\n\t\t<\/div>\n\t\t\t\t<\/div>\n\t\t\t\t<\/div>\n\t\t\t\t<div class=\"elementor-element elementor-element-1560f91 elementor-widget elementor-widget-heading\" data-id=\"1560f91\" data-element_type=\"widget\" data-widget_type=\"heading.default\">\n\t\t\t\t<div class=\"elementor-widget-container\">\n\t\t\t<h2 class=\"elementor-heading-title elementor-size-default\">IL GRUPPO<\/h2>\t\t<\/div>\n\t\t\t\t<\/div>\n\t\t\t\t<section class=\"elementor-section elementor-inner-section elementor-element elementor-element-be05a0f elementor-section-boxed elementor-section-height-default elementor-section-height-default\" data-id=\"be05a0f\" data-element_type=\"section\">\n\t\t\t\t\t\t<div class=\"elementor-container elementor-column-gap-no\">\n\t\t\t\t\t\t\t<div class=\"elementor-row\">\n\t\t\t\t\t<div class=\"elementor-column elementor-col-50 elementor-inner-column elementor-element elementor-element-7918261\" data-id=\"7918261\" data-element_type=\"column\">\n\t\t\t<div class=\"elementor-column-wrap elementor-element-populated\">\n\t\t\t\t\t\t\t<div class=\"elementor-widget-wrap\">\n\t\t\t\t\t\t<div class=\"elementor-element elementor-element-4377c6b elementor-widget elementor-widget-image\" data-id=\"4377c6b\" data-element_type=\"widget\" data-widget_type=\"image.default\">\n\t\t\t\t<div class=\"elementor-widget-container\">\n\t\t\t\t\t\t\t\t<div class=\"elementor-image\">\n\t\t\t\t\t\t\t\t\t\t\t\t<img decoding=\"async\" width=\"768\" height=\"512\" src=\"https:\/\/duedelmonte.it\/wp-content\/uploads\/2022\/05\/Miran_2022-768x512.jpg\" class=\"attachment-medium_large size-medium_large wp-image-1189\" alt=\"\" loading=\"lazy\" srcset=\"https:\/\/duedelmonte.it\/wp-content\/uploads\/2022\/05\/Miran_2022-768x512.jpg 768w, https:\/\/duedelmonte.it\/wp-content\/uploads\/2022\/05\/Miran_2022-700x467.jpg 700w, https:\/\/duedelmonte.it\/wp-content\/uploads\/2022\/05\/Miran_2022-1024x683.jpg 1024w, https:\/\/duedelmonte.it\/wp-content\/uploads\/2022\/05\/Miran_2022-1536x1024.jpg 1536w, https:\/\/duedelmonte.it\/wp-content\/uploads\/2022\/05\/Miran_2022-2048x1366.jpg 2048w, https:\/\/duedelmonte.it\/wp-content\/uploads\/2022\/05\/Miran_2022-600x400.jpg 600w\" sizes=\"(max-width: 768px) 100vw, 768px\" \/>\t\t\t\t\t\t\t\t\t\t\t\t\t\t<\/div>\n\t\t\t\t\t\t<\/div>\n\t\t\t\t<\/div>\n\t\t\t\t\t\t<\/div>\n\t\t\t\t\t<\/div>\n\t\t<\/div>\n\t\t\t\t<div class=\"elementor-column elementor-col-50 elementor-inner-column elementor-element elementor-element-63130b4\" data-id=\"63130b4\" data-element_type=\"column\">\n\t\t\t<div class=\"elementor-column-wrap elementor-element-populated\">\n\t\t\t\t\t\t\t<div class=\"elementor-widget-wrap\">\n\t\t\t\t\t\t<div class=\"elementor-element elementor-element-0e71f10 elementor-widget elementor-widget-heading\" data-id=\"0e71f10\" data-element_type=\"widget\" data-widget_type=\"heading.default\">\n\t\t\t\t<div class=\"elementor-widget-container\">\n\t\t\t<h4 class=\"elementor-heading-title elementor-size-default\">MIRAN BUZINEL<\/h4>\t\t<\/div>\n\t\t\t\t<\/div>\n\t\t\t\t<div class=\"elementor-element elementor-element-ca45dbd translation-block elementor-widget elementor-widget-text-editor\" data-id=\"ca45dbd\" data-element_type=\"widget\" data-widget_type=\"text-editor.default\">\n\t\t\t\t<p>Cresciuto in una famiglia di produttori vinicoli nel cuore del Collio sloveno, terminati gli studi in Scienze Alimentarie e dopo essersi specializzato in Enologia, ha realizzato diverse esperienze in Canada, Cile e Australia.<\/p><p> \nContemporaneamente ha iniziato a lavorare nella prestigiosa azienda vinicola \u201cBorgo del Tiglio\u201d seguendo soprattutto la parte vinicola per pi\u00f9 di 10 anni.<\/p>\n<p>Nel 2018 ha iniziato a formare la nuova squadra per Due del Monte, con un obiettivo molto chiaro: produrre grandi vini.<\/p>\n\t\t\t\t<\/div>\n\t\t\t\t\t\t<\/div>\n\t\t\t\t\t<\/div>\n\t\t<\/div>\n\t\t\t\t\t\t\t\t<\/div>\n\t\t\t\t\t<\/div>\n\t\t<\/section>\n\t\t\t\t<section class=\"elementor-section elementor-inner-section elementor-element elementor-element-c87c59c elementor-section-boxed elementor-section-height-default elementor-section-height-default\" data-id=\"c87c59c\" data-element_type=\"section\">\n\t\t\t\t\t\t<div class=\"elementor-container elementor-column-gap-no\">\n\t\t\t\t\t\t\t<div class=\"elementor-row\">\n\t\t\t\t\t<div class=\"elementor-column elementor-col-50 elementor-inner-column elementor-element elementor-element-6234fa6\" data-id=\"6234fa6\" data-element_type=\"column\">\n\t\t\t<div class=\"elementor-column-wrap elementor-element-populated\">\n\t\t\t\t\t\t\t<div class=\"elementor-widget-wrap\">\n\t\t\t\t\t\t<div class=\"elementor-element elementor-element-22f0fb1 elementor-widget elementor-widget-image\" data-id=\"22f0fb1\" data-element_type=\"widget\" data-widget_type=\"image.default\">\n\t\t\t\t<div class=\"elementor-widget-container\">\n\t\t\t\t\t\t\t\t<div class=\"elementor-image\">\n\t\t\t\t\t\t\t\t\t\t\t\t<img decoding=\"async\" width=\"768\" height=\"512\" src=\"https:\/\/duedelmonte.it\/wp-content\/uploads\/2022\/05\/Salvador_2022-768x512.jpg\" class=\"attachment-medium_large size-medium_large wp-image-1186\" alt=\"\" loading=\"lazy\" srcset=\"https:\/\/duedelmonte.it\/wp-content\/uploads\/2022\/05\/Salvador_2022-768x512.jpg 768w, https:\/\/duedelmonte.it\/wp-content\/uploads\/2022\/05\/Salvador_2022-700x467.jpg 700w, https:\/\/duedelmonte.it\/wp-content\/uploads\/2022\/05\/Salvador_2022-1024x683.jpg 1024w, https:\/\/duedelmonte.it\/wp-content\/uploads\/2022\/05\/Salvador_2022-1536x1024.jpg 1536w, https:\/\/duedelmonte.it\/wp-content\/uploads\/2022\/05\/Salvador_2022-2048x1366.jpg 2048w, https:\/\/duedelmonte.it\/wp-content\/uploads\/2022\/05\/Salvador_2022-600x400.jpg 600w\" sizes=\"(max-width: 768px) 100vw, 768px\" \/>\t\t\t\t\t\t\t\t\t\t\t\t\t\t<\/div>\n\t\t\t\t\t\t<\/div>\n\t\t\t\t<\/div>\n\t\t\t\t\t\t<\/div>\n\t\t\t\t\t<\/div>\n\t\t<\/div>\n\t\t\t\t<div class=\"elementor-column elementor-col-50 elementor-inner-column elementor-element elementor-element-905a89a\" data-id=\"905a89a\" data-element_type=\"column\">\n\t\t\t<div class=\"elementor-column-wrap elementor-element-populated\">\n\t\t\t\t\t\t\t<div class=\"elementor-widget-wrap\">\n\t\t\t\t\t\t<div class=\"elementor-element elementor-element-79c4af9 elementor-widget elementor-widget-heading\" data-id=\"79c4af9\" data-element_type=\"widget\" data-widget_type=\"heading.default\">\n\t\t\t\t<div class=\"elementor-widget-container\">\n\t\t\t<h4 class=\"elementor-heading-title elementor-size-default\">SALVADOR MERINO LOVERA<\/h4>\t\t<\/div>\n\t\t\t\t<\/div>\n\t\t\t\t<div class=\"elementor-element elementor-element-c69c925 translation-block elementor-widget elementor-widget-text-editor\" data-id=\"c69c925\" data-element_type=\"widget\" data-widget_type=\"text-editor.default\">\n\t\t\t\t<p>Laureato in Enologia e Viticoltura, il suo costante interesse nel conoscere diversi stili di vinificazione e variet\u00e0 di terroirs, lo ha portato a svolgere esperienze lavorative in zone vitivinicole rinomate del Sud e del Nord della Spagna e dell'Italia.<\/p><p> \n\nArrivato nel cuore del Collio nell\u2019anno 2013, ha avuto modo di fare esperienza presso i pi\u00f9 grandi produttori del territorio facendo tesoro degli insegnamenti. In una di queste realt\u00e0 ha avuto il piacere di incontrare Miran con il quale oggi collabora per lo stesso obiettivo: fare grandi vini!<\/p>\n\t\t\t\t<\/div>\n\t\t\t\t\t\t<\/div>\n\t\t\t\t\t<\/div>\n\t\t<\/div>\n\t\t\t\t\t\t\t\t<\/div>\n\t\t\t\t\t<\/div>\n\t\t<\/section>\n\t\t\t\t<section class=\"elementor-section elementor-inner-section elementor-element elementor-element-d07fa9b elementor-section-boxed elementor-section-height-default elementor-section-height-default\" data-id=\"d07fa9b\" data-element_type=\"section\">\n\t\t\t\t\t\t<div class=\"elementor-container elementor-column-gap-no\">\n\t\t\t\t\t\t\t<div class=\"elementor-row\">\n\t\t\t\t\t<div class=\"elementor-column elementor-col-50 elementor-inner-column elementor-element elementor-element-f77b7a5\" data-id=\"f77b7a5\" data-element_type=\"column\">\n\t\t\t<div class=\"elementor-column-wrap elementor-element-populated\">\n\t\t\t\t\t\t\t<div class=\"elementor-widget-wrap\">\n\t\t\t\t\t\t<div class=\"elementor-element elementor-element-6fff8c9 elementor-widget elementor-widget-image\" data-id=\"6fff8c9\" data-element_type=\"widget\" data-widget_type=\"image.default\">\n\t\t\t\t<div class=\"elementor-widget-container\">\n\t\t\t\t\t\t\t\t<div class=\"elementor-image\">\n\t\t\t\t\t\t\t\t\t\t\t\t<img decoding=\"async\" width=\"768\" height=\"768\" src=\"https:\/\/duedelmonte.it\/wp-content\/uploads\/2022\/05\/Diego_2022-e1654010140891-768x768.jpg\" class=\"attachment-medium_large size-medium_large wp-image-1187\" alt=\"\" loading=\"lazy\" srcset=\"https:\/\/duedelmonte.it\/wp-content\/uploads\/2022\/05\/Diego_2022-e1654010140891-768x768.jpg 768w, https:\/\/duedelmonte.it\/wp-content\/uploads\/2022\/05\/Diego_2022-e1654010140891-700x700.jpg 700w, https:\/\/duedelmonte.it\/wp-content\/uploads\/2022\/05\/Diego_2022-e1654010140891-1024x1024.jpg 1024w, https:\/\/duedelmonte.it\/wp-content\/uploads\/2022\/05\/Diego_2022-e1654010140891-400x400.jpg 400w, https:\/\/duedelmonte.it\/wp-content\/uploads\/2022\/05\/Diego_2022-e1654010140891-300x300.jpg 300w, https:\/\/duedelmonte.it\/wp-content\/uploads\/2022\/05\/Diego_2022-e1654010140891-600x600.jpg 600w, https:\/\/duedelmonte.it\/wp-content\/uploads\/2022\/05\/Diego_2022-e1654010140891-100x100.jpg 100w, https:\/\/duedelmonte.it\/wp-content\/uploads\/2022\/05\/Diego_2022-e1654010140891-12x12.jpg 12w, https:\/\/duedelmonte.it\/wp-content\/uploads\/2022\/05\/Diego_2022-e1654010140891.jpg 1397w\" sizes=\"(max-width: 768px) 100vw, 768px\" \/>\t\t\t\t\t\t\t\t\t\t\t\t\t\t<\/div>\n\t\t\t\t\t\t<\/div>\n\t\t\t\t<\/div>\n\t\t\t\t\t\t<\/div>\n\t\t\t\t\t<\/div>\n\t\t<\/div>\n\t\t\t\t<div class=\"elementor-column elementor-col-50 elementor-inner-column elementor-element elementor-element-691703e\" data-id=\"691703e\" data-element_type=\"column\">\n\t\t\t<div class=\"elementor-column-wrap elementor-element-populated\">\n\t\t\t\t\t\t\t<div class=\"elementor-widget-wrap\">\n\t\t\t\t\t\t<div class=\"elementor-element elementor-element-730e1ee elementor-widget elementor-widget-heading\" data-id=\"730e1ee\" data-element_type=\"widget\" data-widget_type=\"heading.default\">\n\t\t\t\t<div class=\"elementor-widget-container\">\n\t\t\t<h4 class=\"elementor-heading-title elementor-size-default\">DIEGO MAURIC<\/h4>\t\t<\/div>\n\t\t\t\t<\/div>\n\t\t\t\t<div class=\"elementor-element elementor-element-2f283e6 translation-block elementor-widget elementor-widget-text-editor\" data-id=\"2f283e6\" data-element_type=\"widget\" data-widget_type=\"text-editor.default\">\n\t\t\t\tDiego \u00e8 l\u2019acrobata trattorista dell\u2019azienda. Nato in una famiglia contadina nel cuore del Collio, fin da bambino \u00e8 stato attratto dalle macchine agricole per le quali tutt\u2019oggi nutre una grande passione.\nNessun tipo di vigneto rappresenta un ostacolo per lui!\n\t\t\t\t<\/div>\n\t\t\t\t\t\t<\/div>\n\t\t\t\t\t<\/div>\n\t\t<\/div>\n\t\t\t\t\t\t\t\t<\/div>\n\t\t\t\t\t<\/div>\n\t\t<\/section>\n\t\t\t\t<section class=\"elementor-section elementor-inner-section elementor-element elementor-element-04f9fba elementor-section-boxed elementor-section-height-default elementor-section-height-default\" data-id=\"04f9fba\" data-element_type=\"section\">\n\t\t\t\t\t\t<div class=\"elementor-container elementor-column-gap-no\">\n\t\t\t\t\t\t\t<div class=\"elementor-row\">\n\t\t\t\t\t<div class=\"elementor-column elementor-col-50 elementor-inner-column elementor-element elementor-element-80d03ba\" data-id=\"80d03ba\" data-element_type=\"column\">\n\t\t\t<div class=\"elementor-column-wrap elementor-element-populated\">\n\t\t\t\t\t\t\t<div class=\"elementor-widget-wrap\">\n\t\t\t\t\t\t<div class=\"elementor-element elementor-element-7e1161f elementor-widget elementor-widget-image\" data-id=\"7e1161f\" data-element_type=\"widget\" data-widget_type=\"image.default\">\n\t\t\t\t<div class=\"elementor-widget-container\">\n\t\t\t\t\t\t\t\t<div class=\"elementor-image\">\n\t\t\t\t\t\t\t\t\t\t\t\t<img decoding=\"async\" width=\"768\" height=\"768\" src=\"https:\/\/duedelmonte.it\/wp-content\/uploads\/2022\/05\/Maria_2022-e1654009749808-768x768.jpg\" class=\"attachment-medium_large size-medium_large wp-image-1188\" alt=\"\" loading=\"lazy\" srcset=\"https:\/\/duedelmonte.it\/wp-content\/uploads\/2022\/05\/Maria_2022-e1654009749808-768x768.jpg 768w, https:\/\/duedelmonte.it\/wp-content\/uploads\/2022\/05\/Maria_2022-e1654009749808-700x700.jpg 700w, https:\/\/duedelmonte.it\/wp-content\/uploads\/2022\/05\/Maria_2022-e1654009749808-1024x1024.jpg 1024w, https:\/\/duedelmonte.it\/wp-content\/uploads\/2022\/05\/Maria_2022-e1654009749808-400x400.jpg 400w, https:\/\/duedelmonte.it\/wp-content\/uploads\/2022\/05\/Maria_2022-e1654009749808-300x300.jpg 300w, https:\/\/duedelmonte.it\/wp-content\/uploads\/2022\/05\/Maria_2022-e1654009749808-600x600.jpg 600w, https:\/\/duedelmonte.it\/wp-content\/uploads\/2022\/05\/Maria_2022-e1654009749808-100x100.jpg 100w, https:\/\/duedelmonte.it\/wp-content\/uploads\/2022\/05\/Maria_2022-e1654009749808-12x12.jpg 12w, https:\/\/duedelmonte.it\/wp-content\/uploads\/2022\/05\/Maria_2022-e1654009749808.jpg 1400w\" sizes=\"(max-width: 768px) 100vw, 768px\" \/>\t\t\t\t\t\t\t\t\t\t\t\t\t\t<\/div>\n\t\t\t\t\t\t<\/div>\n\t\t\t\t<\/div>\n\t\t\t\t\t\t<\/div>\n\t\t\t\t\t<\/div>\n\t\t<\/div>\n\t\t\t\t<div class=\"elementor-column elementor-col-50 elementor-inner-column elementor-element elementor-element-e0946c3\" data-id=\"e0946c3\" data-element_type=\"column\">\n\t\t\t<div class=\"elementor-column-wrap elementor-element-populated\">\n\t\t\t\t\t\t\t<div class=\"elementor-widget-wrap\">\n\t\t\t\t\t\t<div class=\"elementor-element elementor-element-251e097 elementor-widget elementor-widget-heading\" data-id=\"251e097\" data-element_type=\"widget\" data-widget_type=\"heading.default\">\n\t\t\t\t<div class=\"elementor-widget-container\">\n\t\t\t<h4 class=\"elementor-heading-title elementor-size-default\">MARIA ROMANO<\/h4>\t\t<\/div>\n\t\t\t\t<\/div>\n\t\t\t\t<div class=\"elementor-element elementor-element-07cf658 translation-block elementor-widget elementor-widget-text-editor\" data-id=\"07cf658\" data-element_type=\"widget\" data-widget_type=\"text-editor.default\">\n\t\t\t\t<p>Laureata in Lingue e Letterature straniere ha fin da subito lavorato nel settore del turismo sviluppando grandi capacit\u00e0 di relazionarsi con il pubblico. Maria, con la sua gentilezza e cordialit\u00e0 \u00e8 la responsabile della accoglienza della clientela.<\/p><p>\nA lei sono affidati tutti i compiti della gestione delle attivit\u00e0 ed esigenze aziendali.<\/p>\n\t\t\t\t<\/div>\n\t\t\t\t\t\t<\/div>\n\t\t\t\t\t<\/div>\n\t\t<\/div>\n\t\t\t\t\t\t\t\t<\/div>\n\t\t\t\t\t<\/div>\n\t\t<\/section>\n\t\t\t\t\t\t<\/div>\n\t\t\t\t\t<\/div>\n\t\t<\/div>\n\t\t\t\t\t\t\t\t<\/div>\n\t\t\t\t\t<\/div>\n\t\t<\/section>\n\t\t\t\t\t\t\t\t\t<\/div>\n\t\t\t<\/div>\n\t\t\t\t\t<\/div>","protected":false},"excerpt":{"rendered":"<p>In the Due del Monte vineyards, we set the highest standards for eco-sustainable cultivation methods and environmentally friendly viticulture that excludes the use of artificial chemical fertilizers, fungicides or herbicides. https:\/\/duedelmonte.it\/wp-content\/uploads\/2021\/02\/Due-del-Monte-Image-Video_2021_35sec_720p_music.mp4 Our Story Two friends traveling among the suggestive hills of Friuli, in the north-east of Italy, were accidentally struck by a special place, hidden [&hellip;]<\/p>","protected":false},"author":1,"featured_media":0,"parent":0,"menu_order":0,"comment_status":"closed","ping_status":"closed","template":"","meta":{"inline_featured_image":false},"acf":[],"_links":{"self":[{"href":"https:\/\/duedelmonte.it\/it\/wp-json\/wp\/v2\/pages\/970"}],"collection":[{"href":"https:\/\/duedelmonte.it\/it\/wp-json\/wp\/v2\/pages"}],"about":[{"href":"https:\/\/duedelmonte.it\/it\/wp-json\/wp\/v2\/types\/page"}],"author":[{"embeddable":true,"href":"https:\/\/duedelmonte.it\/it\/wp-json\/wp\/v2\/users\/1"}],"replies":[{"embeddable":true,"href":"https:\/\/duedelmonte.it\/it\/wp-json\/wp\/v2\/comments?post=970"}],"version-history":[{"count":69,"href":"https:\/\/duedelmonte.it\/it\/wp-json\/wp\/v2\/pages\/970\/revisions"}],"predecessor-version":[{"id":1390,"href":"https:\/\/duedelmonte.it\/it\/wp-json\/wp\/v2\/pages\/970\/revisions\/1390"}],"wp:attachment":[{"href":"https:\/\/duedelmonte.it\/it\/wp-json\/wp\/v2\/media?parent=970"}],"curies":[{"name":"wp","href":"https:\/\/api.w.org\/{rel}","templated":true}]}}