{"id":85,"date":"2021-01-21T17:34:58","date_gmt":"2021-01-21T17:34:58","guid":{"rendered":"https:\/\/duedelmonte.it\/?page_id=85"},"modified":"2021-02-22T12:39:56","modified_gmt":"2021-02-22T12:39:56","slug":"il_collio","status":"publish","type":"page","link":"https:\/\/duedelmonte.it\/it\/il_collio\/","title":{"rendered":"Il Collio"},"content":{"rendered":"<div data-elementor-type=\"wp-page\" data-elementor-id=\"85\" class=\"elementor elementor-85\">\n\t\t\t\t\t\t<div class=\"elementor-inner\">\n\t\t\t\t<div class=\"elementor-section-wrap\">\n\t\t\t\t\t\t\t\t\t<section class=\"elementor-section elementor-top-section elementor-element elementor-element-9920c25 elementor-section-boxed elementor-section-height-default elementor-section-height-default\" data-id=\"9920c25\" data-element_type=\"section\">\n\t\t\t\t\t\t<div class=\"elementor-container elementor-column-gap-default\">\n\t\t\t\t\t\t\t<div class=\"elementor-row\">\n\t\t\t\t\t<div class=\"elementor-column elementor-col-100 elementor-top-column elementor-element elementor-element-6dc76af\" data-id=\"6dc76af\" data-element_type=\"column\">\n\t\t\t<div class=\"elementor-column-wrap elementor-element-populated\">\n\t\t\t\t\t\t\t<div class=\"elementor-widget-wrap\">\n\t\t\t\t\t\t<div class=\"elementor-element elementor-element-63622b1 elementor-widget__width-inherit elementor-widget elementor-widget-heading\" data-id=\"63622b1\" data-element_type=\"widget\" data-widget_type=\"heading.default\">\n\t\t\t\t<div class=\"elementor-widget-container\">\n\t\t\t<h2 class=\"elementor-heading-title elementor-size-default\">TERRITORIO \u2013 IL COLLIO<\/h2>\t\t<\/div>\n\t\t\t\t<\/div>\n\t\t\t\t\t\t<\/div>\n\t\t\t\t\t<\/div>\n\t\t<\/div>\n\t\t\t\t\t\t\t\t<\/div>\n\t\t\t\t\t<\/div>\n\t\t<\/section>\n\t\t\t\t<section class=\"elementor-section elementor-top-section elementor-element elementor-element-12afc4a elementor-section-boxed elementor-section-height-default elementor-section-height-default\" data-id=\"12afc4a\" data-element_type=\"section\">\n\t\t\t\t\t\t<div class=\"elementor-container elementor-column-gap-no\">\n\t\t\t\t\t\t\t<div class=\"elementor-row\">\n\t\t\t\t\t<div class=\"elementor-column elementor-col-50 elementor-top-column elementor-element elementor-element-5be410d\" data-id=\"5be410d\" data-element_type=\"column\">\n\t\t\t<div class=\"elementor-column-wrap elementor-element-populated\">\n\t\t\t\t\t\t\t<div class=\"elementor-widget-wrap\">\n\t\t\t\t\t\t<div class=\"elementor-element elementor-element-1f1d1b4 elementor-widget elementor-widget-text-editor\" data-id=\"1f1d1b4\" data-element_type=\"widget\" data-widget_type=\"text-editor.default\">\n\t\t\t\t<div class=\"elementor-widget-container\">\n\t\t\t\t\t\t\t\t<div class=\"elementor-text-editor elementor-clearfix\">\n\t\t\t\t<p>Le terre di confine provocano un fascino particolare negli occhi e nel cuore dei viaggiatori. Il Collio \u00e8 una di queste: un area prealpina ancora in parte incontaminata, un territorio unico, un tesoro di bellezza naturale, una zona piena di contrasti, fusioni e tradizioni culturali.<\/p><p>Situato nel Nordest del Friuli Venezia Giulia, in provincia di Gorizia, il Collio \u00e8 una piccola zona collinare ai confini con la Slovenia che si estende tra i fiumi Isonzo e Judrio.<\/p><p>Il \u201cterroir\u201d del Collio \u00e8 una perfetta unione di molteplici interazioni fra l\u2019uomo e la natura, fra clima e terreno.<\/p><p>Le condizioni climatiche di questa zona sono davvero particolari e uniche<\/p><p>La prossimit\u00e0 delle Prealpi Giulie costituisce un efficace riparo dai venti freddi del nord, e la vicinanza del mare Adriatico favorisce la persistenza di un clima dolce, mite e ventilato, con forti escursioni termiche e pioggie abbondanti ben distribuite nell\u2019arco dell\u2019anno.    Questo connubio di fattori creano delle condizioni ambientali del tutto eccezionali, rendendo il Collio una delle zone pi\u00f9 adeguate alla produzione di vini bianchi di alta qualit\u00e0.<\/p><p>I terreni del Collio sono composti da strati di marne ed arenarie stratificati di origine eocenica, portati in superficie dal sollevamento dei fondali del mare Adriatico. Queste formazioni rocciose si disgregano facilmente sotto l\u2019azione degli agenti atmosferici, originando un substrato ideale per la viticoltura. Questo terreno ricco di sali e microelementi prende il nome di Ponca e si caratteriza per la sua alcalinit\u00e0, dando ai vini di questa zona inconfondibili note minerali, sapidit\u00e0 e complessit\u00e0 aromatica.<\/p>\t\t\t\t\t<\/div>\n\t\t\t\t\t\t<\/div>\n\t\t\t\t<\/div>\n\t\t\t\t\t\t<\/div>\n\t\t\t\t\t<\/div>\n\t\t<\/div>\n\t\t\t\t<div class=\"elementor-column elementor-col-50 elementor-top-column elementor-element elementor-element-f289817\" data-id=\"f289817\" data-element_type=\"column\">\n\t\t\t<div class=\"elementor-column-wrap elementor-element-populated\">\n\t\t\t\t\t\t\t<div class=\"elementor-widget-wrap\">\n\t\t\t\t\t\t<div class=\"elementor-element elementor-element-8428d81 elementor-widget elementor-widget-image\" data-id=\"8428d81\" data-element_type=\"widget\" data-widget_type=\"image.default\">\n\t\t\t\t<div class=\"elementor-widget-container\">\n\t\t\t\t\t\t\t\t<div class=\"elementor-image\">\n\t\t\t\t\t\t\t\t\t\t\t\t<img decoding=\"async\" width=\"800\" height=\"584\" src=\"https:\/\/duedelmonte.it\/wp-content\/uploads\/2021\/02\/Collio-Italy_Map-1024x747.jpg\" class=\"attachment-large size-large wp-image-396\" alt=\"\" loading=\"lazy\" srcset=\"https:\/\/duedelmonte.it\/wp-content\/uploads\/2021\/02\/Collio-Italy_Map-1024x747.jpg 1024w, https:\/\/duedelmonte.it\/wp-content\/uploads\/2021\/02\/Collio-Italy_Map-700x511.jpg 700w, https:\/\/duedelmonte.it\/wp-content\/uploads\/2021\/02\/Collio-Italy_Map-768x560.jpg 768w, https:\/\/duedelmonte.it\/wp-content\/uploads\/2021\/02\/Collio-Italy_Map-1536x1121.jpg 1536w, https:\/\/duedelmonte.it\/wp-content\/uploads\/2021\/02\/Collio-Italy_Map-2048x1494.jpg 2048w, https:\/\/duedelmonte.it\/wp-content\/uploads\/2021\/02\/Collio-Italy_Map-600x438.jpg 600w, https:\/\/duedelmonte.it\/wp-content\/uploads\/2021\/02\/Collio-Italy_Map-16x12.jpg 16w\" sizes=\"(max-width: 800px) 100vw, 800px\" \/>\t\t\t\t\t\t\t\t\t\t\t\t\t\t<\/div>\n\t\t\t\t\t\t<\/div>\n\t\t\t\t<\/div>\n\t\t\t\t<div class=\"elementor-element elementor-element-b5ce079 elementor-widget elementor-widget-image\" data-id=\"b5ce079\" data-element_type=\"widget\" data-widget_type=\"image.default\">\n\t\t\t\t<div class=\"elementor-widget-container\">\n\t\t\t\t\t\t\t\t<div class=\"elementor-image\">\n\t\t\t\t\t\t\t\t\t\t\t\t<img decoding=\"async\" width=\"800\" height=\"501\" src=\"https:\/\/duedelmonte.it\/wp-content\/uploads\/2021\/02\/Cormons_map-1024x641.jpg\" class=\"attachment-large size-large wp-image-395\" alt=\"\" loading=\"lazy\" srcset=\"https:\/\/duedelmonte.it\/wp-content\/uploads\/2021\/02\/Cormons_map-1024x641.jpg 1024w, https:\/\/duedelmonte.it\/wp-content\/uploads\/2021\/02\/Cormons_map-700x438.jpg 700w, https:\/\/duedelmonte.it\/wp-content\/uploads\/2021\/02\/Cormons_map-768x481.jpg 768w, https:\/\/duedelmonte.it\/wp-content\/uploads\/2021\/02\/Cormons_map-1536x961.jpg 1536w, https:\/\/duedelmonte.it\/wp-content\/uploads\/2021\/02\/Cormons_map-600x375.jpg 600w, https:\/\/duedelmonte.it\/wp-content\/uploads\/2021\/02\/Cormons_map-16x10.jpg 16w, https:\/\/duedelmonte.it\/wp-content\/uploads\/2021\/02\/Cormons_map.jpg 2004w\" sizes=\"(max-width: 800px) 100vw, 800px\" \/>\t\t\t\t\t\t\t\t\t\t\t\t\t\t<\/div>\n\t\t\t\t\t\t<\/div>\n\t\t\t\t<\/div>\n\t\t\t\t\t\t<\/div>\n\t\t\t\t\t<\/div>\n\t\t<\/div>\n\t\t\t\t\t\t\t\t<\/div>\n\t\t\t\t\t<\/div>\n\t\t<\/section>\n\t\t\t\t<section class=\"elementor-section elementor-top-section elementor-element elementor-element-7ebfbee elementor-section-boxed elementor-section-height-default elementor-section-height-default\" data-id=\"7ebfbee\" data-element_type=\"section\">\n\t\t\t\t\t\t<div class=\"elementor-container elementor-column-gap-default\">\n\t\t\t\t\t\t\t<div class=\"elementor-row\">\n\t\t\t\t\t<div class=\"elementor-column elementor-col-33 elementor-top-column elementor-element elementor-element-2d5b8a0\" data-id=\"2d5b8a0\" data-element_type=\"column\">\n\t\t\t<div class=\"elementor-column-wrap elementor-element-populated\">\n\t\t\t\t\t\t\t<div class=\"elementor-widget-wrap\">\n\t\t\t\t\t\t<div class=\"elementor-element elementor-element-989d575 elementor-widget elementor-widget-image\" data-id=\"989d575\" data-element_type=\"widget\" data-widget_type=\"image.default\">\n\t\t\t\t<div class=\"elementor-widget-container\">\n\t\t\t\t\t\t\t\t<div class=\"elementor-image\">\n\t\t\t\t\t\t\t\t\t\t\t\t<img decoding=\"async\" width=\"800\" height=\"534\" src=\"https:\/\/duedelmonte.it\/wp-content\/uploads\/2021\/01\/Monte_DSC_0782_1200px-1024x683.jpg\" class=\"attachment-large size-large wp-image-100\" alt=\"\" loading=\"lazy\" srcset=\"https:\/\/duedelmonte.it\/wp-content\/uploads\/2021\/01\/Monte_DSC_0782_1200px-1024x683.jpg 1024w, https:\/\/duedelmonte.it\/wp-content\/uploads\/2021\/01\/Monte_DSC_0782_1200px-700x467.jpg 700w, https:\/\/duedelmonte.it\/wp-content\/uploads\/2021\/01\/Monte_DSC_0782_1200px-768x512.jpg 768w, https:\/\/duedelmonte.it\/wp-content\/uploads\/2021\/01\/Monte_DSC_0782_1200px-600x400.jpg 600w, https:\/\/duedelmonte.it\/wp-content\/uploads\/2021\/01\/Monte_DSC_0782_1200px-16x12.jpg 16w, https:\/\/duedelmonte.it\/wp-content\/uploads\/2021\/01\/Monte_DSC_0782_1200px.jpg 1200w\" sizes=\"(max-width: 800px) 100vw, 800px\" \/>\t\t\t\t\t\t\t\t\t\t\t\t\t\t<\/div>\n\t\t\t\t\t\t<\/div>\n\t\t\t\t<\/div>\n\t\t\t\t\t\t<\/div>\n\t\t\t\t\t<\/div>\n\t\t<\/div>\n\t\t\t\t<div class=\"elementor-column elementor-col-33 elementor-top-column elementor-element elementor-element-d30a950\" data-id=\"d30a950\" data-element_type=\"column\">\n\t\t\t<div class=\"elementor-column-wrap elementor-element-populated\">\n\t\t\t\t\t\t\t<div class=\"elementor-widget-wrap\">\n\t\t\t\t\t\t<div class=\"elementor-element elementor-element-e1852ab elementor-widget elementor-widget-image\" data-id=\"e1852ab\" data-element_type=\"widget\" data-widget_type=\"image.default\">\n\t\t\t\t<div class=\"elementor-widget-container\">\n\t\t\t\t\t\t\t\t<div class=\"elementor-image\">\n\t\t\t\t\t\t\t\t\t\t\t\t<img decoding=\"async\" src=\"https:\/\/duedelmonte.it\/wp-content\/uploads\/2021\/02\/Soil_2.jpg\" title=\"Soil_2\" alt=\"Soil_2\" loading=\"lazy\" \/>\t\t\t\t\t\t\t\t\t\t\t\t\t\t<\/div>\n\t\t\t\t\t\t<\/div>\n\t\t\t\t<\/div>\n\t\t\t\t\t\t<\/div>\n\t\t\t\t\t<\/div>\n\t\t<\/div>\n\t\t\t\t<div class=\"elementor-column elementor-col-33 elementor-top-column elementor-element elementor-element-d5cd845\" data-id=\"d5cd845\" data-element_type=\"column\">\n\t\t\t<div class=\"elementor-column-wrap elementor-element-populated\">\n\t\t\t\t\t\t\t<div class=\"elementor-widget-wrap\">\n\t\t\t\t\t\t<div class=\"elementor-element elementor-element-6bbe059 elementor-widget elementor-widget-image\" data-id=\"6bbe059\" data-element_type=\"widget\" data-widget_type=\"image.default\">\n\t\t\t\t<div class=\"elementor-widget-container\">\n\t\t\t\t\t\t\t\t<div class=\"elementor-image\">\n\t\t\t\t\t\t\t\t\t\t\t\t<img decoding=\"async\" width=\"800\" height=\"534\" src=\"https:\/\/duedelmonte.it\/wp-content\/uploads\/2021\/01\/Monte_DSC_0833_1200px-1024x683.jpg\" class=\"attachment-large size-large wp-image-101\" alt=\"\" loading=\"lazy\" srcset=\"https:\/\/duedelmonte.it\/wp-content\/uploads\/2021\/01\/Monte_DSC_0833_1200px-1024x683.jpg 1024w, https:\/\/duedelmonte.it\/wp-content\/uploads\/2021\/01\/Monte_DSC_0833_1200px-700x467.jpg 700w, https:\/\/duedelmonte.it\/wp-content\/uploads\/2021\/01\/Monte_DSC_0833_1200px-768x512.jpg 768w, https:\/\/duedelmonte.it\/wp-content\/uploads\/2021\/01\/Monte_DSC_0833_1200px-600x400.jpg 600w, https:\/\/duedelmonte.it\/wp-content\/uploads\/2021\/01\/Monte_DSC_0833_1200px-16x12.jpg 16w, https:\/\/duedelmonte.it\/wp-content\/uploads\/2021\/01\/Monte_DSC_0833_1200px.jpg 1200w\" sizes=\"(max-width: 800px) 100vw, 800px\" \/>\t\t\t\t\t\t\t\t\t\t\t\t\t\t<\/div>\n\t\t\t\t\t\t<\/div>\n\t\t\t\t<\/div>\n\t\t\t\t\t\t<\/div>\n\t\t\t\t\t<\/div>\n\t\t<\/div>\n\t\t\t\t\t\t\t\t<\/div>\n\t\t\t\t\t<\/div>\n\t\t<\/section>\n\t\t\t\t\t\t\t\t\t<\/div>\n\t\t\t<\/div>\n\t\t\t\t\t<\/div>","protected":false},"excerpt":{"rendered":"<p>The COLLIO region The borderlands cause a particular charm in the eyes and hearts of travelers. The Collio is one of these: a pre-alpine area still partly unspoiled, a unique territory, a treasure of natural beauty, an area full of contrasts, mergers and cultural traditions. Located in the Northeast of Friuli Venezia Giulia, in the [&hellip;]<\/p>","protected":false},"author":1,"featured_media":0,"parent":0,"menu_order":0,"comment_status":"closed","ping_status":"closed","template":"elementor_theme","meta":{"inline_featured_image":false},"acf":[],"_links":{"self":[{"href":"https:\/\/duedelmonte.it\/it\/wp-json\/wp\/v2\/pages\/85"}],"collection":[{"href":"https:\/\/duedelmonte.it\/it\/wp-json\/wp\/v2\/pages"}],"about":[{"href":"https:\/\/duedelmonte.it\/it\/wp-json\/wp\/v2\/types\/page"}],"author":[{"embeddable":true,"href":"https:\/\/duedelmonte.it\/it\/wp-json\/wp\/v2\/users\/1"}],"replies":[{"embeddable":true,"href":"https:\/\/duedelmonte.it\/it\/wp-json\/wp\/v2\/comments?post=85"}],"version-history":[{"count":79,"href":"https:\/\/duedelmonte.it\/it\/wp-json\/wp\/v2\/pages\/85\/revisions"}],"predecessor-version":[{"id":1110,"href":"https:\/\/duedelmonte.it\/it\/wp-json\/wp\/v2\/pages\/85\/revisions\/1110"}],"wp:attachment":[{"href":"https:\/\/duedelmonte.it\/it\/wp-json\/wp\/v2\/media?parent=85"}],"curies":[{"name":"wp","href":"https:\/\/api.w.org\/{rel}","templated":true}]}}