{"id":278,"date":"2022-04-12T17:17:18","date_gmt":"2022-04-12T15:17:18","guid":{"rendered":"https:\/\/duedelmonte.it\/?post_type=product&#038;p=278"},"modified":"2026-01-18T13:36:13","modified_gmt":"2026-01-18T12:36:13","slug":"friulano-subida-23-d-o-c-collio-2019","status":"publish","type":"product","link":"https:\/\/duedelmonte.it\/de\/produkt\/friulano-subida-23-d-o-c-collio-2019\/","title":{"rendered":"Friulano Subida 23 D.O.C. Collio"},"content":{"rendered":"<p>\u00dcberw\u00e4ltigende Aromen von reifen Fr\u00fcchten und frischen Bl\u00fcten.\nBezaubernde Noten von balsamischen und orientalischen Gew\u00fcrzen mit einem Hauch von Mandel, insbesondere mit zunehmender Reife.\nNachhaltig und salzig, mit perfekter Balance zwischen Frucht, S\u00e4ure und Mineralit\u00e4t.<\/p>\n<p>Komplett trocken, mit ca. 14,5 % vol. Alkohol.<\/p>","protected":false},"excerpt":{"rendered":"<p>Overwhelming aromas of mellow fruits and fresh flowers. Enchanting notes of balsamic and oriental spices with a touch of almond especially when getting older. Persistent and salty with perfect balance between fruit, acidity and minerality. It is completely dry with approximately 14.5 % vol alcol.<\/p>","protected":false},"featured_media":1253,"comment_status":"open","ping_status":"closed","template":"","meta":{"inline_featured_image":false},"product_cat":[24,21,19],"product_tag":[],"acf":[],"_links":{"self":[{"href":"https:\/\/duedelmonte.it\/de\/wp-json\/wp\/v2\/product\/278"}],"collection":[{"href":"https:\/\/duedelmonte.it\/de\/wp-json\/wp\/v2\/product"}],"about":[{"href":"https:\/\/duedelmonte.it\/de\/wp-json\/wp\/v2\/types\/product"}],"replies":[{"embeddable":true,"href":"https:\/\/duedelmonte.it\/de\/wp-json\/wp\/v2\/comments?post=278"}],"version-history":[{"count":13,"href":"https:\/\/duedelmonte.it\/de\/wp-json\/wp\/v2\/product\/278\/revisions"}],"predecessor-version":[{"id":1508,"href":"https:\/\/duedelmonte.it\/de\/wp-json\/wp\/v2\/product\/278\/revisions\/1508"}],"wp:featuredmedia":[{"embeddable":true,"href":"https:\/\/duedelmonte.it\/de\/wp-json\/wp\/v2\/media\/1253"}],"wp:attachment":[{"href":"https:\/\/duedelmonte.it\/de\/wp-json\/wp\/v2\/media?parent=278"}],"wp:term":[{"taxonomy":"product_cat","embeddable":true,"href":"https:\/\/duedelmonte.it\/de\/wp-json\/wp\/v2\/product_cat?post=278"},{"taxonomy":"product_tag","embeddable":true,"href":"https:\/\/duedelmonte.it\/de\/wp-json\/wp\/v2\/product_tag?post=278"}],"curies":[{"name":"wp","href":"https:\/\/api.w.org\/{rel}","templated":true}]}}