{"id":1517,"date":"2026-01-18T14:04:47","date_gmt":"2026-01-18T13:04:47","guid":{"rendered":"https:\/\/duedelmonte.it\/?post_type=product&#038;p=1517"},"modified":"2026-01-18T14:04:48","modified_gmt":"2026-01-18T13:04:48","slug":"bianco-doc-collio","status":"publish","type":"product","link":"https:\/\/duedelmonte.it\/de\/produkt\/bianco-doc-collio\/","title":{"rendered":"Bianco DOC Collio"},"content":{"rendered":"<p>Cuv\u00e9e mit einer internationalen Rebsorte, die Struktur und Komplexit\u00e4t verleiht, w\u00e4hrend die lokalen \u201eK\u00f6nige und K\u00f6niginnen\u201c f\u00fcr Herkunft und Frische sorgen.\nIn der Nase \u00f6ffnen sich intensive Aromen von reifen gelben Fr\u00fcchten und tropischen Noten.\nAm Gaumen zeigt sich eine sch\u00f6ne Frische, mit guter Balance und hoher Trinkbarkeit.<\/p>\n<p>Komplett trocken, mit ca. 14 % vol. Alkohol.<\/p>","protected":false},"excerpt":{"rendered":"<p>Blend with one international variety which bring complexity and backbone while the local king and queens bring locality and freshness. The nose opens an intense aroma of ripe yellow and tropical fruit. In the mouth it reveals a nice freshness, with the right balance and huge drinkability. It is completely dry with approximately 14% vol [&hellip;]<\/p>","protected":false},"featured_media":1250,"comment_status":"closed","ping_status":"closed","template":"","meta":{"inline_featured_image":false},"product_cat":[24,21,19],"product_tag":[],"acf":[],"_links":{"self":[{"href":"https:\/\/duedelmonte.it\/de\/wp-json\/wp\/v2\/product\/1517"}],"collection":[{"href":"https:\/\/duedelmonte.it\/de\/wp-json\/wp\/v2\/product"}],"about":[{"href":"https:\/\/duedelmonte.it\/de\/wp-json\/wp\/v2\/types\/product"}],"replies":[{"embeddable":true,"href":"https:\/\/duedelmonte.it\/de\/wp-json\/wp\/v2\/comments?post=1517"}],"version-history":[{"count":2,"href":"https:\/\/duedelmonte.it\/de\/wp-json\/wp\/v2\/product\/1517\/revisions"}],"predecessor-version":[{"id":1519,"href":"https:\/\/duedelmonte.it\/de\/wp-json\/wp\/v2\/product\/1517\/revisions\/1519"}],"wp:featuredmedia":[{"embeddable":true,"href":"https:\/\/duedelmonte.it\/de\/wp-json\/wp\/v2\/media\/1250"}],"wp:attachment":[{"href":"https:\/\/duedelmonte.it\/de\/wp-json\/wp\/v2\/media?parent=1517"}],"wp:term":[{"taxonomy":"product_cat","embeddable":true,"href":"https:\/\/duedelmonte.it\/de\/wp-json\/wp\/v2\/product_cat?post=1517"},{"taxonomy":"product_tag","embeddable":true,"href":"https:\/\/duedelmonte.it\/de\/wp-json\/wp\/v2\/product_tag?post=1517"}],"curies":[{"name":"wp","href":"https:\/\/api.w.org\/{rel}","templated":true}]}}