{"id":1512,"date":"2026-01-18T13:54:09","date_gmt":"2026-01-18T12:54:09","guid":{"rendered":"https:\/\/duedelmonte.it\/?post_type=product&#038;p=1512"},"modified":"2026-01-18T13:54:44","modified_gmt":"2026-01-18T12:54:44","slug":"malvasia-d-o-c-collio","status":"publish","type":"product","link":"https:\/\/duedelmonte.it\/de\/produkt\/malvasia-d-o-c-collio\/","title":{"rendered":"Malvasia D.O.C. Collio"},"content":{"rendered":"<p>Lokale Prinzessin. K\u00f6nnte eine stolze Cousine des Friulano sein.\nSehr elegante Nase mit w\u00fcrzigen Aromen und kandierten Fr\u00fcchten, unterlegt von wei\u00dfem Pfeffer.\nAm Gaumen voll und kraftvoll, mit einer guten Balance zwischen Frische und Mineralit\u00e4t, die dem Wein L\u00e4nge und Persistenz verleiht.<\/p>\n<p>Komplett trocken, mit ca. 14,5 % vol. Alkohol.<\/p>","protected":false},"excerpt":{"rendered":"<p>Local princess. Could be a proud cousin of Friulano. Very elegant nose with spicy aromas and candied fruit with a background of white pepper. Full and powerful in the mouth, with a good balance between freshness and minerality that makes it long and persistent. It is completely dry with approximately 14,5% vol alcol.<\/p>","protected":false},"featured_media":1228,"comment_status":"closed","ping_status":"closed","template":"","meta":{"inline_featured_image":false},"product_cat":[24,21,19],"product_tag":[],"acf":[],"_links":{"self":[{"href":"https:\/\/duedelmonte.it\/de\/wp-json\/wp\/v2\/product\/1512"}],"collection":[{"href":"https:\/\/duedelmonte.it\/de\/wp-json\/wp\/v2\/product"}],"about":[{"href":"https:\/\/duedelmonte.it\/de\/wp-json\/wp\/v2\/types\/product"}],"replies":[{"embeddable":true,"href":"https:\/\/duedelmonte.it\/de\/wp-json\/wp\/v2\/comments?post=1512"}],"version-history":[{"count":2,"href":"https:\/\/duedelmonte.it\/de\/wp-json\/wp\/v2\/product\/1512\/revisions"}],"predecessor-version":[{"id":1514,"href":"https:\/\/duedelmonte.it\/de\/wp-json\/wp\/v2\/product\/1512\/revisions\/1514"}],"wp:featuredmedia":[{"embeddable":true,"href":"https:\/\/duedelmonte.it\/de\/wp-json\/wp\/v2\/media\/1228"}],"wp:attachment":[{"href":"https:\/\/duedelmonte.it\/de\/wp-json\/wp\/v2\/media?parent=1512"}],"wp:term":[{"taxonomy":"product_cat","embeddable":true,"href":"https:\/\/duedelmonte.it\/de\/wp-json\/wp\/v2\/product_cat?post=1512"},{"taxonomy":"product_tag","embeddable":true,"href":"https:\/\/duedelmonte.it\/de\/wp-json\/wp\/v2\/product_tag?post=1512"}],"curies":[{"name":"wp","href":"https:\/\/api.w.org\/{rel}","templated":true}]}}