{"id":1167,"date":"2022-04-12T17:20:07","date_gmt":"2022-04-12T15:20:07","guid":{"rendered":"https:\/\/duedelmonte.it\/?post_type=product&#038;p=1167"},"modified":"2026-01-18T13:25:32","modified_gmt":"2026-01-18T12:25:32","slug":"friulano-d-o-c-collio","status":"publish","type":"product","link":"https:\/\/duedelmonte.it\/de\/produkt\/friulano-d-o-c-collio\/","title":{"rendered":"Friulano D.O.C. Collio"},"content":{"rendered":"<p>Staubig und duftig, mit Ankl\u00e4ngen von Pfirsich und Mango, die sich mit der Zeit zu exotischen floralen Noten und s\u00fc\u00dfer W\u00fcrze entwickeln.\nSeidig-w\u00fcrzig und charaktervoll.\nMittlere L\u00e4nge, dabei von hervorragender Balance und hohem Trinkvergn\u00fcgen.<\/p>\n<p>Komplett trocken, mit ca. 14,5 % vol. Alkohol.<\/p>","protected":false},"excerpt":{"rendered":"<p>Dusty and perfumed, with hints of peach and mango that give way over time to exotic florals and sweet spice. Silky spice and rich in character. Medium in length but with supreme balance and pleasure factor. It is completely dry with approximately 14,5 % vol alcol.<\/p>","protected":false},"featured_media":1241,"comment_status":"open","ping_status":"closed","template":"","meta":{"inline_featured_image":false},"product_cat":[24,21,19],"product_tag":[],"acf":[],"_links":{"self":[{"href":"https:\/\/duedelmonte.it\/de\/wp-json\/wp\/v2\/product\/1167"}],"collection":[{"href":"https:\/\/duedelmonte.it\/de\/wp-json\/wp\/v2\/product"}],"about":[{"href":"https:\/\/duedelmonte.it\/de\/wp-json\/wp\/v2\/types\/product"}],"replies":[{"embeddable":true,"href":"https:\/\/duedelmonte.it\/de\/wp-json\/wp\/v2\/comments?post=1167"}],"version-history":[{"count":10,"href":"https:\/\/duedelmonte.it\/de\/wp-json\/wp\/v2\/product\/1167\/revisions"}],"predecessor-version":[{"id":1503,"href":"https:\/\/duedelmonte.it\/de\/wp-json\/wp\/v2\/product\/1167\/revisions\/1503"}],"wp:featuredmedia":[{"embeddable":true,"href":"https:\/\/duedelmonte.it\/de\/wp-json\/wp\/v2\/media\/1241"}],"wp:attachment":[{"href":"https:\/\/duedelmonte.it\/de\/wp-json\/wp\/v2\/media?parent=1167"}],"wp:term":[{"taxonomy":"product_cat","embeddable":true,"href":"https:\/\/duedelmonte.it\/de\/wp-json\/wp\/v2\/product_cat?post=1167"},{"taxonomy":"product_tag","embeddable":true,"href":"https:\/\/duedelmonte.it\/de\/wp-json\/wp\/v2\/product_tag?post=1167"}],"curies":[{"name":"wp","href":"https:\/\/api.w.org\/{rel}","templated":true}]}}