{"id":1155,"date":"2022-04-12T17:22:01","date_gmt":"2022-04-12T15:22:01","guid":{"rendered":"https:\/\/duedelmonte.it\/?post_type=product&#038;p=1155"},"modified":"2026-01-18T14:59:06","modified_gmt":"2026-01-18T13:59:06","slug":"sauvignon-san-giovanni-d-o-c-collio","status":"publish","type":"product","link":"https:\/\/duedelmonte.it\/de\/produkt\/sauvignon-san-giovanni-d-o-c-collio\/","title":{"rendered":"Sauvignon San Giovanni D.O.C. Collio"},"content":{"rendered":"<p>S\u00fc\u00dflich duftendes Bouquet von wei\u00dfen Bl\u00fcten, Zitronen\u00f6len und Rauch.\nVoll und kraftvoll, zugleich sehr elegant, mit deutlich wahrnehmbarer S\u00e4ure, die eine beeindruckende Frische verleiht.\nSehr lang, mit ausgepr\u00e4gter Mineralit\u00e4t.<\/p>\n<p>Komplett trocken, mit ca. 14 % vol. Alkohol.<\/p>","protected":false},"excerpt":{"rendered":"<p>Sweetly scented bouquet of white flowers, lemon oils and smoke. Full, fat but at the same time very elegant with evident acidity which gives incredible freshness. Very long with notable minerality. It is completely dry with approximately 14 % vol alcol.<\/p>","protected":false},"featured_media":1237,"comment_status":"closed","ping_status":"closed","template":"","meta":{"inline_featured_image":false},"product_cat":[24,21,19],"product_tag":[],"acf":[],"_links":{"self":[{"href":"https:\/\/duedelmonte.it\/de\/wp-json\/wp\/v2\/product\/1155"}],"collection":[{"href":"https:\/\/duedelmonte.it\/de\/wp-json\/wp\/v2\/product"}],"about":[{"href":"https:\/\/duedelmonte.it\/de\/wp-json\/wp\/v2\/types\/product"}],"replies":[{"embeddable":true,"href":"https:\/\/duedelmonte.it\/de\/wp-json\/wp\/v2\/comments?post=1155"}],"version-history":[{"count":18,"href":"https:\/\/duedelmonte.it\/de\/wp-json\/wp\/v2\/product\/1155\/revisions"}],"predecessor-version":[{"id":1523,"href":"https:\/\/duedelmonte.it\/de\/wp-json\/wp\/v2\/product\/1155\/revisions\/1523"}],"wp:featuredmedia":[{"embeddable":true,"href":"https:\/\/duedelmonte.it\/de\/wp-json\/wp\/v2\/media\/1237"}],"wp:attachment":[{"href":"https:\/\/duedelmonte.it\/de\/wp-json\/wp\/v2\/media?parent=1155"}],"wp:term":[{"taxonomy":"product_cat","embeddable":true,"href":"https:\/\/duedelmonte.it\/de\/wp-json\/wp\/v2\/product_cat?post=1155"},{"taxonomy":"product_tag","embeddable":true,"href":"https:\/\/duedelmonte.it\/de\/wp-json\/wp\/v2\/product_tag?post=1155"}],"curies":[{"name":"wp","href":"https:\/\/api.w.org\/{rel}","templated":true}]}}