{"id":970,"date":"2021-02-10T13:26:01","date_gmt":"2021-02-10T13:26:01","guid":{"rendered":"https:\/\/duedelmonte.it\/?page_id=970"},"modified":"2025-11-10T21:23:46","modified_gmt":"2025-11-10T20:23:46","slug":"home-2","status":"publish","type":"page","link":"https:\/\/duedelmonte.it\/de\/","title":{"rendered":"Home"},"content":{"rendered":"<div data-elementor-type=\"wp-page\" data-elementor-id=\"970\" class=\"elementor elementor-970\">\n\t\t\t\t\t\t<div class=\"elementor-inner\">\n\t\t\t\t<div class=\"elementor-section-wrap\">\n\t\t\t\t\t\t\t\t\t<section class=\"elementor-section elementor-top-section elementor-element elementor-element-770d898 elementor-section-full_width elementor-section-height-min-height elementor-section-stretched elementor-section-height-default elementor-section-items-middle\" data-id=\"770d898\" data-element_type=\"section\" data-settings=\"{&quot;stretch_section&quot;:&quot;section-stretched&quot;,&quot;background_background&quot;:&quot;classic&quot;,&quot;background_motion_fx_motion_fx_scrolling&quot;:&quot;yes&quot;,&quot;background_motion_fx_devices&quot;:[&quot;desktop&quot;,&quot;tablet&quot;,&quot;mobile&quot;]}\">\n\t\t\t\t\t\t<div class=\"elementor-container elementor-column-gap-no\">\n\t\t\t\t\t\t\t<div class=\"elementor-row\">\n\t\t\t\t\t<div class=\"elementor-column elementor-col-100 elementor-top-column elementor-element elementor-element-ef7a91a\" data-id=\"ef7a91a\" data-element_type=\"column\">\n\t\t\t<div class=\"elementor-column-wrap\">\n\t\t\t\t\t\t\t<div class=\"elementor-widget-wrap\">\n\t\t\t\t\t\t\t\t<\/div>\n\t\t\t\t\t<\/div>\n\t\t<\/div>\n\t\t\t\t\t\t\t\t<\/div>\n\t\t\t\t\t<\/div>\n\t\t<\/section>\n\t\t\t\t<section class=\"elementor-section elementor-top-section elementor-element elementor-element-762a0a2 elementor-section-boxed elementor-section-height-default elementor-section-height-default\" data-id=\"762a0a2\" data-element_type=\"section\">\n\t\t\t\t\t\t<div class=\"elementor-container elementor-column-gap-default\">\n\t\t\t\t\t\t\t<div class=\"elementor-row\">\n\t\t\t\t\t<div class=\"elementor-column elementor-col-50 elementor-top-column elementor-element elementor-element-ccae75e\" data-id=\"ccae75e\" data-element_type=\"column\">\n\t\t\t<div class=\"elementor-column-wrap elementor-element-populated\">\n\t\t\t\t\t\t\t<div class=\"elementor-widget-wrap\">\n\t\t\t\t\t\t<div class=\"elementor-element elementor-element-aa2a1d5 elementor-widget elementor-widget-text-editor\" data-id=\"aa2a1d5\" data-element_type=\"widget\" data-widget_type=\"text-editor.default\">\n\t\t\t\t<div class=\"elementor-widget-container\">\n\t\t\t\t\t\t\t\t<div class=\"elementor-text-editor elementor-clearfix\">\n\t\t\t\t<p>In den Weinbergen von Due del Monte setzen wir h\u00f6chste Standards f\u00fcr umweltvertr\u00e4gliche Anbaumethoden und umweltfreundlichen Weinbau, bei denen k\u00fcnstliche chemische D\u00fcngemittel, Fungizide oder Herbizide nicht verwendet werden.<\/p>\t\t\t\t\t<\/div>\n\t\t\t\t\t\t<\/div>\n\t\t\t\t<\/div>\n\t\t\t\t\t\t<\/div>\n\t\t\t\t\t<\/div>\n\t\t<\/div>\n\t\t\t\t<div class=\"elementor-column elementor-col-50 elementor-top-column elementor-element elementor-element-5ccf8a7\" data-id=\"5ccf8a7\" data-element_type=\"column\" data-settings=\"{&quot;background_background&quot;:&quot;classic&quot;}\">\n\t\t\t<div class=\"elementor-column-wrap elementor-element-populated\">\n\t\t\t\t\t\t\t<div class=\"elementor-widget-wrap\">\n\t\t\t\t\t\t<div class=\"elementor-element elementor-element-28a26d9 elementor-widget elementor-widget-video\" data-id=\"28a26d9\" data-element_type=\"widget\" data-settings=\"{&quot;video_type&quot;:&quot;hosted&quot;,&quot;controls&quot;:&quot;yes&quot;}\" data-widget_type=\"video.default\">\n\t\t\t\t<div class=\"elementor-widget-container\">\n\t\t\t\t\t<div class=\"e-hosted-video elementor-wrapper elementor-open-inline\">\n\t\t\t\t\t<video class=\"elementor-video\" src=\"https:\/\/duedelmonte.it\/wp-content\/uploads\/2021\/02\/Due-del-Monte-Image-Video_2021_35sec_720p_music.mp4\" controls=\"\" preload=\"metadata\" controlslist=\"nodownload\"><\/video>\n\t\t\t\t<\/div>\n\t\t\t\t<\/div>\n\t\t\t\t<\/div>\n\t\t\t\t\t\t<\/div>\n\t\t\t\t\t<\/div>\n\t\t<\/div>\n\t\t\t\t\t\t\t\t<\/div>\n\t\t\t\t\t<\/div>\n\t\t<\/section>\n\t\t\t\t<section class=\"elementor-section elementor-top-section elementor-element elementor-element-fbbb2c2 elementor-section-boxed elementor-section-height-default elementor-section-height-default\" data-id=\"fbbb2c2\" data-element_type=\"section\">\n\t\t\t\t\t\t<div class=\"elementor-container elementor-column-gap-no\">\n\t\t\t\t\t\t\t<div class=\"elementor-row\">\n\t\t\t\t\t<div class=\"elementor-column elementor-col-100 elementor-top-column elementor-element elementor-element-6717863\" data-id=\"6717863\" data-element_type=\"column\">\n\t\t\t<div class=\"elementor-column-wrap elementor-element-populated\">\n\t\t\t\t\t\t\t<div class=\"elementor-widget-wrap\">\n\t\t\t\t\t\t<div class=\"elementor-element elementor-element-d73714c elementor-widget-divider--view-line elementor-widget elementor-widget-divider\" data-id=\"d73714c\" data-element_type=\"widget\" data-widget_type=\"divider.default\">\n\t\t\t\t<div class=\"elementor-widget-container\">\n\t\t\t\t\t<div class=\"elementor-divider\">\n\t\t\t<span class=\"elementor-divider-separator\">\n\t\t\t\t\t\t<\/span>\n\t\t<\/div>\n\t\t\t\t<\/div>\n\t\t\t\t<\/div>\n\t\t\t\t<div class=\"elementor-element elementor-element-6f2797f elementor-widget elementor-widget-heading\" data-id=\"6f2797f\" data-element_type=\"widget\" data-widget_type=\"heading.default\">\n\t\t\t\t<div class=\"elementor-widget-container\">\n\t\t\t<h2 class=\"elementor-heading-title elementor-size-default\">Unsere Geschichte<\/h2>\t\t<\/div>\n\t\t\t\t<\/div>\n\t\t\t\t<section class=\"elementor-section elementor-inner-section elementor-element elementor-element-f7f543e elementor-section-boxed elementor-section-height-default elementor-section-height-default\" data-id=\"f7f543e\" data-element_type=\"section\">\n\t\t\t\t\t\t<div class=\"elementor-container elementor-column-gap-no\">\n\t\t\t\t\t\t\t<div class=\"elementor-row\">\n\t\t\t\t\t<div class=\"elementor-column elementor-col-50 elementor-inner-column elementor-element elementor-element-e78bed8\" data-id=\"e78bed8\" data-element_type=\"column\">\n\t\t\t<div class=\"elementor-column-wrap elementor-element-populated\">\n\t\t\t\t\t\t\t<div class=\"elementor-widget-wrap\">\n\t\t\t\t\t\t<div class=\"elementor-element elementor-element-a6795ad elementor-widget elementor-widget-text-editor\" data-id=\"a6795ad\" data-element_type=\"widget\" data-widget_type=\"text-editor.default\">\n\t\t\t\t<div class=\"elementor-widget-container\">\n\t\t\t\t\t\t\t\t<div class=\"elementor-text-editor elementor-clearfix\">\n\t\t\t\t<p>Zwei Freunde, die zwischen den suggestiven H\u00fcgeln von Friaul im Nordosten Italiens unterwegs waren, wurden versehentlich von einem besonderen Ort getroffen, der zwischen den letzten H\u00fcgeln mit Blick auf die Adria versteckt war: dem Berg Quarin. Hier wird die Rebe seit der Antike mit au\u00dfergew\u00f6hnlichen Ergebnissen kultiviert, dank der hervorragenden Exposition, dem Temperaturbereich und der Einzigartigkeit ihrer B\u00f6den.<\/p><p>Their passion for wine, in the early years, materialized in some projects that came to life thanks to the collaboration with some wineries in the area but the desire to found their own winery was very strong. So after a few years they decided to buy a cellar and some plots on Monte Quarin for a total of 10,5 hectares. From the beginning they decided to call the company Due del Monte due to the history that had accompanied the project. In 2018 a new staff was selected and a new reality began in Collio.<\/p>\t\t\t\t\t<\/div>\n\t\t\t\t\t\t<\/div>\n\t\t\t\t<\/div>\n\t\t\t\t\t\t<\/div>\n\t\t\t\t\t<\/div>\n\t\t<\/div>\n\t\t\t\t<div class=\"elementor-column elementor-col-50 elementor-inner-column elementor-element elementor-element-ba2b275\" data-id=\"ba2b275\" data-element_type=\"column\" data-settings=\"{&quot;background_background&quot;:&quot;slideshow&quot;,&quot;background_slideshow_gallery&quot;:[{&quot;id&quot;:1185,&quot;url&quot;:&quot;https:\\\/\\\/duedelmonte.it\\\/wp-content\\\/uploads\\\/2022\\\/05\\\/DDM_team_2022-scaled.jpg&quot;},{&quot;id&quot;:532,&quot;url&quot;:&quot;https:\\\/\\\/duedelmonte.it\\\/wp-content\\\/uploads\\\/2021\\\/02\\\/Glas_MGL8583_500x700px.jpg&quot;}],&quot;background_slideshow_loop&quot;:&quot;yes&quot;,&quot;background_slideshow_slide_duration&quot;:5000,&quot;background_slideshow_slide_transition&quot;:&quot;fade&quot;,&quot;background_slideshow_transition_duration&quot;:500}\">\n\t\t\t<div class=\"elementor-column-wrap\">\n\t\t\t\t\t\t\t<div class=\"elementor-widget-wrap\">\n\t\t\t\t\t\t\t\t<\/div>\n\t\t\t\t\t<\/div>\n\t\t<\/div>\n\t\t\t\t\t\t\t\t<\/div>\n\t\t\t\t\t<\/div>\n\t\t<\/section>\n\t\t\t\t<div class=\"elementor-element elementor-element-b7e3481 elementor-widget elementor-widget-text-editor\" data-id=\"b7e3481\" data-element_type=\"widget\" data-widget_type=\"text-editor.default\">\n\t\t\t\t<div class=\"elementor-widget-container\">\n\t\t\t\t\t\t\t\t<div class=\"elementor-text-editor elementor-clearfix\">\n\t\t\t\t<p>Die kultivierten Sorten sind: Friulano, Ribolla Gialla, Malvasia Istriana, Sauvignon, Merlot, Cabernet Sauvignon und Cabernet Franc.<\/p><p>Unsere Wei\u00dfweine werden aus klassischen Collio-Sorten gewonnen, die traditionell vinifiziert und in Barriques gereift sind, um elegante, tiefe und anhaltende Weine zu erhalten.<\/p><p>Bei den Rotweinen haben wir uns haupts\u00e4chlich auf Merlot konzentriert, die einzige Sorte, die jedes Jahr eine perfekte Reife ihrer Trauben garantiert.<\/p><p>Die Weine \u00fcberzeugen am Gaumen, sind vollmundig, samtig, unterst\u00fctzt von einer guten S\u00e4ure und einem nicht sehr aggressiven Tannin, wodurch sie sowohl in jungen Jahren als auch nach langem Altern sehr angenehm zu trinken sind.<\/p>\t\t\t\t\t<\/div>\n\t\t\t\t\t\t<\/div>\n\t\t\t\t<\/div>\n\t\t\t\t\t\t<\/div>\n\t\t\t\t\t<\/div>\n\t\t<\/div>\n\t\t\t\t\t\t\t\t<\/div>\n\t\t\t\t\t<\/div>\n\t\t<\/section>\n\t\t\t\t<section class=\"elementor-section elementor-top-section elementor-element elementor-element-a4b41fe elementor-section-boxed elementor-section-height-default elementor-section-height-default\" data-id=\"a4b41fe\" data-element_type=\"section\">\n\t\t\t\t\t\t<div class=\"elementor-container elementor-column-gap-no\">\n\t\t\t\t\t\t\t<div class=\"elementor-row\">\n\t\t\t\t\t<div class=\"elementor-column elementor-col-100 elementor-top-column elementor-element elementor-element-10b8ea5\" data-id=\"10b8ea5\" data-element_type=\"column\">\n\t\t\t<div class=\"elementor-column-wrap elementor-element-populated\">\n\t\t\t\t\t\t\t<div class=\"elementor-widget-wrap\">\n\t\t\t\t\t\t<div class=\"elementor-element elementor-element-b146bc2 elementor-widget-divider--view-line elementor-widget elementor-widget-divider\" data-id=\"b146bc2\" data-element_type=\"widget\" data-widget_type=\"divider.default\">\n\t\t\t\t<div class=\"elementor-widget-container\">\n\t\t\t\t\t<div class=\"elementor-divider\">\n\t\t\t<span class=\"elementor-divider-separator\">\n\t\t\t\t\t\t<\/span>\n\t\t<\/div>\n\t\t\t\t<\/div>\n\t\t\t\t<\/div>\n\t\t\t\t<div class=\"elementor-element elementor-element-1560f91 elementor-widget elementor-widget-heading\" data-id=\"1560f91\" data-element_type=\"widget\" data-widget_type=\"heading.default\">\n\t\t\t\t<div class=\"elementor-widget-container\">\n\t\t\t<h2 class=\"elementor-heading-title elementor-size-default\">DAS TEAM<\/h2>\t\t<\/div>\n\t\t\t\t<\/div>\n\t\t\t\t<section class=\"elementor-section elementor-inner-section elementor-element elementor-element-be05a0f elementor-section-boxed elementor-section-height-default elementor-section-height-default\" data-id=\"be05a0f\" data-element_type=\"section\">\n\t\t\t\t\t\t<div class=\"elementor-container elementor-column-gap-no\">\n\t\t\t\t\t\t\t<div class=\"elementor-row\">\n\t\t\t\t\t<div class=\"elementor-column elementor-col-50 elementor-inner-column elementor-element elementor-element-7918261\" data-id=\"7918261\" data-element_type=\"column\">\n\t\t\t<div class=\"elementor-column-wrap elementor-element-populated\">\n\t\t\t\t\t\t\t<div class=\"elementor-widget-wrap\">\n\t\t\t\t\t\t<div class=\"elementor-element elementor-element-4377c6b elementor-widget elementor-widget-image\" data-id=\"4377c6b\" data-element_type=\"widget\" data-widget_type=\"image.default\">\n\t\t\t\t<div class=\"elementor-widget-container\">\n\t\t\t\t\t\t\t\t<div class=\"elementor-image\">\n\t\t\t\t\t\t\t\t\t\t\t\t<img decoding=\"async\" width=\"768\" height=\"512\" src=\"https:\/\/duedelmonte.it\/wp-content\/uploads\/2022\/05\/Miran_2022-768x512.jpg\" class=\"attachment-medium_large size-medium_large wp-image-1189\" alt=\"\" loading=\"lazy\" srcset=\"https:\/\/duedelmonte.it\/wp-content\/uploads\/2022\/05\/Miran_2022-768x512.jpg 768w, https:\/\/duedelmonte.it\/wp-content\/uploads\/2022\/05\/Miran_2022-700x467.jpg 700w, https:\/\/duedelmonte.it\/wp-content\/uploads\/2022\/05\/Miran_2022-1024x683.jpg 1024w, https:\/\/duedelmonte.it\/wp-content\/uploads\/2022\/05\/Miran_2022-1536x1024.jpg 1536w, https:\/\/duedelmonte.it\/wp-content\/uploads\/2022\/05\/Miran_2022-2048x1366.jpg 2048w, https:\/\/duedelmonte.it\/wp-content\/uploads\/2022\/05\/Miran_2022-600x400.jpg 600w\" sizes=\"(max-width: 768px) 100vw, 768px\" \/>\t\t\t\t\t\t\t\t\t\t\t\t\t\t<\/div>\n\t\t\t\t\t\t<\/div>\n\t\t\t\t<\/div>\n\t\t\t\t\t\t<\/div>\n\t\t\t\t\t<\/div>\n\t\t<\/div>\n\t\t\t\t<div class=\"elementor-column elementor-col-50 elementor-inner-column elementor-element elementor-element-63130b4\" data-id=\"63130b4\" data-element_type=\"column\">\n\t\t\t<div class=\"elementor-column-wrap elementor-element-populated\">\n\t\t\t\t\t\t\t<div class=\"elementor-widget-wrap\">\n\t\t\t\t\t\t<div class=\"elementor-element elementor-element-0e71f10 elementor-widget elementor-widget-heading\" data-id=\"0e71f10\" data-element_type=\"widget\" data-widget_type=\"heading.default\">\n\t\t\t\t<div class=\"elementor-widget-container\">\n\t\t\t<h4 class=\"elementor-heading-title elementor-size-default\">MIRAN BUZINEL<\/h4>\t\t<\/div>\n\t\t\t\t<\/div>\n\t\t\t\t<div class=\"elementor-element elementor-element-ca45dbd translation-block elementor-widget elementor-widget-text-editor\" data-id=\"ca45dbd\" data-element_type=\"widget\" data-widget_type=\"text-editor.default\">\n\t\t\t\t<p>Aufgewachsen in einer Winzerfamilie im Herzen des slowenischen Collio, sammelte er nach seinem Studium der Lebensmittelwissenschaften und der Spezialisierung auf \u00d6nologie diverse Erfahrungen in Kanada, Chile und Australien.<\/p>\n\n<p>Gleichzeitig begann er in der renommierten Weinkellerei \u201eBorgo del Tiglio\u201c zu arbeiten, wobei er sich mehr als 10 Jahre haupts\u00e4chlich um den Weinbereich k\u00fcmmerte.<\/p>\n\n<p>Im Jahr 2018 begann er, ein neues Team f\u00fcr Due del Monte zusammenzustellen, mit dem klaren Ziel: hervorragende Weine zu produzieren.<\/p>\n\t\t\t\t<\/div>\n\t\t\t\t\t\t<\/div>\n\t\t\t\t\t<\/div>\n\t\t<\/div>\n\t\t\t\t\t\t\t\t<\/div>\n\t\t\t\t\t<\/div>\n\t\t<\/section>\n\t\t\t\t<section class=\"elementor-section elementor-inner-section elementor-element elementor-element-c87c59c elementor-section-boxed elementor-section-height-default elementor-section-height-default\" data-id=\"c87c59c\" data-element_type=\"section\">\n\t\t\t\t\t\t<div class=\"elementor-container elementor-column-gap-no\">\n\t\t\t\t\t\t\t<div class=\"elementor-row\">\n\t\t\t\t\t<div class=\"elementor-column elementor-col-50 elementor-inner-column elementor-element elementor-element-6234fa6\" data-id=\"6234fa6\" data-element_type=\"column\">\n\t\t\t<div class=\"elementor-column-wrap elementor-element-populated\">\n\t\t\t\t\t\t\t<div class=\"elementor-widget-wrap\">\n\t\t\t\t\t\t<div class=\"elementor-element elementor-element-22f0fb1 elementor-widget elementor-widget-image\" data-id=\"22f0fb1\" data-element_type=\"widget\" data-widget_type=\"image.default\">\n\t\t\t\t<div class=\"elementor-widget-container\">\n\t\t\t\t\t\t\t\t<div class=\"elementor-image\">\n\t\t\t\t\t\t\t\t\t\t\t\t<img decoding=\"async\" width=\"768\" height=\"512\" src=\"https:\/\/duedelmonte.it\/wp-content\/uploads\/2022\/05\/Salvador_2022-768x512.jpg\" class=\"attachment-medium_large size-medium_large wp-image-1186\" alt=\"\" loading=\"lazy\" srcset=\"https:\/\/duedelmonte.it\/wp-content\/uploads\/2022\/05\/Salvador_2022-768x512.jpg 768w, https:\/\/duedelmonte.it\/wp-content\/uploads\/2022\/05\/Salvador_2022-700x467.jpg 700w, https:\/\/duedelmonte.it\/wp-content\/uploads\/2022\/05\/Salvador_2022-1024x683.jpg 1024w, https:\/\/duedelmonte.it\/wp-content\/uploads\/2022\/05\/Salvador_2022-1536x1024.jpg 1536w, https:\/\/duedelmonte.it\/wp-content\/uploads\/2022\/05\/Salvador_2022-2048x1366.jpg 2048w, https:\/\/duedelmonte.it\/wp-content\/uploads\/2022\/05\/Salvador_2022-600x400.jpg 600w\" sizes=\"(max-width: 768px) 100vw, 768px\" \/>\t\t\t\t\t\t\t\t\t\t\t\t\t\t<\/div>\n\t\t\t\t\t\t<\/div>\n\t\t\t\t<\/div>\n\t\t\t\t\t\t<\/div>\n\t\t\t\t\t<\/div>\n\t\t<\/div>\n\t\t\t\t<div class=\"elementor-column elementor-col-50 elementor-inner-column elementor-element elementor-element-905a89a\" data-id=\"905a89a\" data-element_type=\"column\">\n\t\t\t<div class=\"elementor-column-wrap elementor-element-populated\">\n\t\t\t\t\t\t\t<div class=\"elementor-widget-wrap\">\n\t\t\t\t\t\t<div class=\"elementor-element elementor-element-79c4af9 elementor-widget elementor-widget-heading\" data-id=\"79c4af9\" data-element_type=\"widget\" data-widget_type=\"heading.default\">\n\t\t\t\t<div class=\"elementor-widget-container\">\n\t\t\t<h4 class=\"elementor-heading-title elementor-size-default\">SALVADOR MERINO LOVERA<\/h4>\t\t<\/div>\n\t\t\t\t<\/div>\n\t\t\t\t<div class=\"elementor-element elementor-element-c69c925 translation-block elementor-widget elementor-widget-text-editor\" data-id=\"c69c925\" data-element_type=\"widget\" data-widget_type=\"text-editor.default\">\n\t\t\t\t<p>Nach seinem Abschluss in \u00d6nologie und Weinbau hat ihn sein st\u00e4ndiges Interesse, mehr \u00fcber verschiedene Stile der Weinbereitung und die Vielfalt der Terroirs zu erfahren, dazu gef\u00fchrt, Arbeitserfahrungen in renommierten Weinanbaugebieten in S\u00fcd- und Nordspanien und Italien zu sammeln.<\/p>\n\n<p>Als er 2013 im Herzen des Collio ankam, hatte er die Gelegenheit, Erfahrungen mit den gr\u00f6\u00dften Produzenten der Gegend zu sammeln und die Lehren zu nutzen. W\u00e4hrend dieser Zeit hatte er das Vergn\u00fcgen, Miran zu treffen, mit dem er heute f\u00fcr das gleiche Ziel zusammenarbeitet: gro\u00dfartige Weine zu machen!<\/p>\n\t\t\t\t<\/div>\n\t\t\t\t\t\t<\/div>\n\t\t\t\t\t<\/div>\n\t\t<\/div>\n\t\t\t\t\t\t\t\t<\/div>\n\t\t\t\t\t<\/div>\n\t\t<\/section>\n\t\t\t\t<section class=\"elementor-section elementor-inner-section elementor-element elementor-element-d07fa9b elementor-section-boxed elementor-section-height-default elementor-section-height-default\" data-id=\"d07fa9b\" data-element_type=\"section\">\n\t\t\t\t\t\t<div class=\"elementor-container elementor-column-gap-no\">\n\t\t\t\t\t\t\t<div class=\"elementor-row\">\n\t\t\t\t\t<div class=\"elementor-column elementor-col-50 elementor-inner-column elementor-element elementor-element-f77b7a5\" data-id=\"f77b7a5\" data-element_type=\"column\">\n\t\t\t<div class=\"elementor-column-wrap elementor-element-populated\">\n\t\t\t\t\t\t\t<div class=\"elementor-widget-wrap\">\n\t\t\t\t\t\t<div class=\"elementor-element elementor-element-6fff8c9 elementor-widget elementor-widget-image\" data-id=\"6fff8c9\" data-element_type=\"widget\" data-widget_type=\"image.default\">\n\t\t\t\t<div class=\"elementor-widget-container\">\n\t\t\t\t\t\t\t\t<div class=\"elementor-image\">\n\t\t\t\t\t\t\t\t\t\t\t\t<img decoding=\"async\" width=\"768\" height=\"768\" src=\"https:\/\/duedelmonte.it\/wp-content\/uploads\/2022\/05\/Diego_2022-e1654010140891-768x768.jpg\" class=\"attachment-medium_large size-medium_large wp-image-1187\" alt=\"\" loading=\"lazy\" srcset=\"https:\/\/duedelmonte.it\/wp-content\/uploads\/2022\/05\/Diego_2022-e1654010140891-768x768.jpg 768w, https:\/\/duedelmonte.it\/wp-content\/uploads\/2022\/05\/Diego_2022-e1654010140891-700x700.jpg 700w, https:\/\/duedelmonte.it\/wp-content\/uploads\/2022\/05\/Diego_2022-e1654010140891-1024x1024.jpg 1024w, https:\/\/duedelmonte.it\/wp-content\/uploads\/2022\/05\/Diego_2022-e1654010140891-400x400.jpg 400w, https:\/\/duedelmonte.it\/wp-content\/uploads\/2022\/05\/Diego_2022-e1654010140891-300x300.jpg 300w, https:\/\/duedelmonte.it\/wp-content\/uploads\/2022\/05\/Diego_2022-e1654010140891-600x600.jpg 600w, https:\/\/duedelmonte.it\/wp-content\/uploads\/2022\/05\/Diego_2022-e1654010140891-100x100.jpg 100w, https:\/\/duedelmonte.it\/wp-content\/uploads\/2022\/05\/Diego_2022-e1654010140891-12x12.jpg 12w, https:\/\/duedelmonte.it\/wp-content\/uploads\/2022\/05\/Diego_2022-e1654010140891.jpg 1397w\" sizes=\"(max-width: 768px) 100vw, 768px\" \/>\t\t\t\t\t\t\t\t\t\t\t\t\t\t<\/div>\n\t\t\t\t\t\t<\/div>\n\t\t\t\t<\/div>\n\t\t\t\t\t\t<\/div>\n\t\t\t\t\t<\/div>\n\t\t<\/div>\n\t\t\t\t<div class=\"elementor-column elementor-col-50 elementor-inner-column elementor-element elementor-element-691703e\" data-id=\"691703e\" data-element_type=\"column\">\n\t\t\t<div class=\"elementor-column-wrap elementor-element-populated\">\n\t\t\t\t\t\t\t<div class=\"elementor-widget-wrap\">\n\t\t\t\t\t\t<div class=\"elementor-element elementor-element-730e1ee elementor-widget elementor-widget-heading\" data-id=\"730e1ee\" data-element_type=\"widget\" data-widget_type=\"heading.default\">\n\t\t\t\t<div class=\"elementor-widget-container\">\n\t\t\t<h4 class=\"elementor-heading-title elementor-size-default\">DIEGO MAURIC<\/h4>\t\t<\/div>\n\t\t\t\t<\/div>\n\t\t\t\t<div class=\"elementor-element elementor-element-2f283e6 translation-block elementor-widget elementor-widget-text-editor\" data-id=\"2f283e6\" data-element_type=\"widget\" data-widget_type=\"text-editor.default\">\n\t\t\t\tDiego ist der Traktorakrobat des Unternehmens. Geboren in einer Bauernfamilie im Herzen von Collio, wurde er als Kind an Landmaschinen angezogen, f\u00fcr die er immer noch eine gro\u00dfe Leidenschaft hat.\nKein Weinberg ist f\u00fcr ihn ein Hindernis!\n\t\t\t\t<\/div>\n\t\t\t\t\t\t<\/div>\n\t\t\t\t\t<\/div>\n\t\t<\/div>\n\t\t\t\t\t\t\t\t<\/div>\n\t\t\t\t\t<\/div>\n\t\t<\/section>\n\t\t\t\t<section class=\"elementor-section elementor-inner-section elementor-element elementor-element-04f9fba elementor-section-boxed elementor-section-height-default elementor-section-height-default\" data-id=\"04f9fba\" data-element_type=\"section\">\n\t\t\t\t\t\t<div class=\"elementor-container elementor-column-gap-no\">\n\t\t\t\t\t\t\t<div class=\"elementor-row\">\n\t\t\t\t\t<div class=\"elementor-column elementor-col-50 elementor-inner-column elementor-element elementor-element-80d03ba\" data-id=\"80d03ba\" data-element_type=\"column\">\n\t\t\t<div class=\"elementor-column-wrap elementor-element-populated\">\n\t\t\t\t\t\t\t<div class=\"elementor-widget-wrap\">\n\t\t\t\t\t\t<div class=\"elementor-element elementor-element-7e1161f elementor-widget elementor-widget-image\" data-id=\"7e1161f\" data-element_type=\"widget\" data-widget_type=\"image.default\">\n\t\t\t\t<div class=\"elementor-widget-container\">\n\t\t\t\t\t\t\t\t<div class=\"elementor-image\">\n\t\t\t\t\t\t\t\t\t\t\t\t<img decoding=\"async\" width=\"768\" height=\"768\" src=\"https:\/\/duedelmonte.it\/wp-content\/uploads\/2022\/05\/Maria_2022-e1654009749808-768x768.jpg\" class=\"attachment-medium_large size-medium_large wp-image-1188\" alt=\"\" loading=\"lazy\" srcset=\"https:\/\/duedelmonte.it\/wp-content\/uploads\/2022\/05\/Maria_2022-e1654009749808-768x768.jpg 768w, https:\/\/duedelmonte.it\/wp-content\/uploads\/2022\/05\/Maria_2022-e1654009749808-700x700.jpg 700w, https:\/\/duedelmonte.it\/wp-content\/uploads\/2022\/05\/Maria_2022-e1654009749808-1024x1024.jpg 1024w, https:\/\/duedelmonte.it\/wp-content\/uploads\/2022\/05\/Maria_2022-e1654009749808-400x400.jpg 400w, https:\/\/duedelmonte.it\/wp-content\/uploads\/2022\/05\/Maria_2022-e1654009749808-300x300.jpg 300w, https:\/\/duedelmonte.it\/wp-content\/uploads\/2022\/05\/Maria_2022-e1654009749808-600x600.jpg 600w, https:\/\/duedelmonte.it\/wp-content\/uploads\/2022\/05\/Maria_2022-e1654009749808-100x100.jpg 100w, https:\/\/duedelmonte.it\/wp-content\/uploads\/2022\/05\/Maria_2022-e1654009749808-12x12.jpg 12w, https:\/\/duedelmonte.it\/wp-content\/uploads\/2022\/05\/Maria_2022-e1654009749808.jpg 1400w\" sizes=\"(max-width: 768px) 100vw, 768px\" \/>\t\t\t\t\t\t\t\t\t\t\t\t\t\t<\/div>\n\t\t\t\t\t\t<\/div>\n\t\t\t\t<\/div>\n\t\t\t\t\t\t<\/div>\n\t\t\t\t\t<\/div>\n\t\t<\/div>\n\t\t\t\t<div class=\"elementor-column elementor-col-50 elementor-inner-column elementor-element elementor-element-e0946c3\" data-id=\"e0946c3\" data-element_type=\"column\">\n\t\t\t<div class=\"elementor-column-wrap elementor-element-populated\">\n\t\t\t\t\t\t\t<div class=\"elementor-widget-wrap\">\n\t\t\t\t\t\t<div class=\"elementor-element elementor-element-251e097 elementor-widget elementor-widget-heading\" data-id=\"251e097\" data-element_type=\"widget\" data-widget_type=\"heading.default\">\n\t\t\t\t<div class=\"elementor-widget-container\">\n\t\t\t<h4 class=\"elementor-heading-title elementor-size-default\">MARIA ROMANO<\/h4>\t\t<\/div>\n\t\t\t\t<\/div>\n\t\t\t\t<div class=\"elementor-element elementor-element-07cf658 translation-block elementor-widget elementor-widget-text-editor\" data-id=\"07cf658\" data-element_type=\"widget\" data-widget_type=\"text-editor.default\">\n\t\t\t\t<p>Nach ihrem Abschluss in Fremdsprachen und Literatur arbeitete sie sofort im Tourismussektor und entwickelte gro\u00dfe F\u00e4higkeiten im Umgang mit der \u00d6ffentlichkeit. Maria ist mit ihrer Freundlichkeit und Herzlichkeit f\u00fcr den Empfang der Kunden verantwortlich.<\/p>\n\n<p>Sie ist mit allen Aufgaben der Verwaltung von Gesch\u00e4ftsaktivit\u00e4ten und Gesch\u00e4ftsanforderungen betraut.<\/p>\n\t\t\t\t<\/div>\n\t\t\t\t\t\t<\/div>\n\t\t\t\t\t<\/div>\n\t\t<\/div>\n\t\t\t\t\t\t\t\t<\/div>\n\t\t\t\t\t<\/div>\n\t\t<\/section>\n\t\t\t\t\t\t<\/div>\n\t\t\t\t\t<\/div>\n\t\t<\/div>\n\t\t\t\t\t\t\t\t<\/div>\n\t\t\t\t\t<\/div>\n\t\t<\/section>\n\t\t\t\t\t\t\t\t\t<\/div>\n\t\t\t<\/div>\n\t\t\t\t\t<\/div>","protected":false},"excerpt":{"rendered":"<p>In the Due del Monte vineyards, we set the highest standards for eco-sustainable cultivation methods and environmentally friendly viticulture that excludes the use of artificial chemical fertilizers, fungicides or herbicides. https:\/\/duedelmonte.it\/wp-content\/uploads\/2021\/02\/Due-del-Monte-Image-Video_2021_35sec_720p_music.mp4 Our Story Two friends traveling among the suggestive hills of Friuli, in the north-east of Italy, were accidentally struck by a special place, hidden [&hellip;]<\/p>","protected":false},"author":1,"featured_media":0,"parent":0,"menu_order":0,"comment_status":"closed","ping_status":"closed","template":"","meta":{"inline_featured_image":false},"acf":[],"_links":{"self":[{"href":"https:\/\/duedelmonte.it\/de\/wp-json\/wp\/v2\/pages\/970"}],"collection":[{"href":"https:\/\/duedelmonte.it\/de\/wp-json\/wp\/v2\/pages"}],"about":[{"href":"https:\/\/duedelmonte.it\/de\/wp-json\/wp\/v2\/types\/page"}],"author":[{"embeddable":true,"href":"https:\/\/duedelmonte.it\/de\/wp-json\/wp\/v2\/users\/1"}],"replies":[{"embeddable":true,"href":"https:\/\/duedelmonte.it\/de\/wp-json\/wp\/v2\/comments?post=970"}],"version-history":[{"count":69,"href":"https:\/\/duedelmonte.it\/de\/wp-json\/wp\/v2\/pages\/970\/revisions"}],"predecessor-version":[{"id":1390,"href":"https:\/\/duedelmonte.it\/de\/wp-json\/wp\/v2\/pages\/970\/revisions\/1390"}],"wp:attachment":[{"href":"https:\/\/duedelmonte.it\/de\/wp-json\/wp\/v2\/media?parent=970"}],"curies":[{"name":"wp","href":"https:\/\/api.w.org\/{rel}","templated":true}]}}