{"id":85,"date":"2021-01-21T17:34:58","date_gmt":"2021-01-21T17:34:58","guid":{"rendered":"https:\/\/duedelmonte.it\/?page_id=85"},"modified":"2021-02-22T12:39:56","modified_gmt":"2021-02-22T12:39:56","slug":"il_collio","status":"publish","type":"page","link":"https:\/\/duedelmonte.it\/de\/il_collio\/","title":{"rendered":"Der Collio"},"content":{"rendered":"<div data-elementor-type=\"wp-page\" data-elementor-id=\"85\" class=\"elementor elementor-85\">\n\t\t\t\t\t\t<div class=\"elementor-inner\">\n\t\t\t\t<div class=\"elementor-section-wrap\">\n\t\t\t\t\t\t\t\t\t<section class=\"elementor-section elementor-top-section elementor-element elementor-element-9920c25 elementor-section-boxed elementor-section-height-default elementor-section-height-default\" data-id=\"9920c25\" data-element_type=\"section\">\n\t\t\t\t\t\t<div class=\"elementor-container elementor-column-gap-default\">\n\t\t\t\t\t\t\t<div class=\"elementor-row\">\n\t\t\t\t\t<div class=\"elementor-column elementor-col-100 elementor-top-column elementor-element elementor-element-6dc76af\" data-id=\"6dc76af\" data-element_type=\"column\">\n\t\t\t<div class=\"elementor-column-wrap elementor-element-populated\">\n\t\t\t\t\t\t\t<div class=\"elementor-widget-wrap\">\n\t\t\t\t\t\t<div class=\"elementor-element elementor-element-63622b1 elementor-widget__width-inherit elementor-widget elementor-widget-heading\" data-id=\"63622b1\" data-element_type=\"widget\" data-widget_type=\"heading.default\">\n\t\t\t\t<div class=\"elementor-widget-container\">\n\t\t\t<h2 class=\"elementor-heading-title elementor-size-default\">DAS COLLIO GEBIET<\/h2>\t\t<\/div>\n\t\t\t\t<\/div>\n\t\t\t\t\t\t<\/div>\n\t\t\t\t\t<\/div>\n\t\t<\/div>\n\t\t\t\t\t\t\t\t<\/div>\n\t\t\t\t\t<\/div>\n\t\t<\/section>\n\t\t\t\t<section class=\"elementor-section elementor-top-section elementor-element elementor-element-12afc4a elementor-section-boxed elementor-section-height-default elementor-section-height-default\" data-id=\"12afc4a\" data-element_type=\"section\">\n\t\t\t\t\t\t<div class=\"elementor-container elementor-column-gap-no\">\n\t\t\t\t\t\t\t<div class=\"elementor-row\">\n\t\t\t\t\t<div class=\"elementor-column elementor-col-50 elementor-top-column elementor-element elementor-element-5be410d\" data-id=\"5be410d\" data-element_type=\"column\">\n\t\t\t<div class=\"elementor-column-wrap elementor-element-populated\">\n\t\t\t\t\t\t\t<div class=\"elementor-widget-wrap\">\n\t\t\t\t\t\t<div class=\"elementor-element elementor-element-1f1d1b4 elementor-widget elementor-widget-text-editor\" data-id=\"1f1d1b4\" data-element_type=\"widget\" data-widget_type=\"text-editor.default\">\n\t\t\t\t<div class=\"elementor-widget-container\">\n\t\t\t\t\t\t\t\t<div class=\"elementor-text-editor elementor-clearfix\">\n\t\t\t\t<p>Die Grenzgebiete verleihen den Augen und Herzen der Reisenden einen besonderen Reiz. Das Collio ist eines davon: ein voralpines Gebiet, das noch teilweise unber\u00fchrt ist, ein einzigartiges Territorium, ein Schatz der nat\u00fcrlichen Sch\u00f6nheit, ein Gebiet voller Kontraste, Zusammenschl\u00fcsse und kulturelle Traditionen.<\/p><p>Das Collio liegt im Nordosten von Friuli Venezia Giulia in der Provinz G\u00f6rz und ist ein kleines h\u00fcgeliges Gebiet an der Grenze zu Slowenien, das sich zwischen Isonzo und Judrio erstreckt.<\/p><p>Das \u201eTerroir\u201c des Collio ist eine perfekte Verbindung von mehreren Wechselwirkungen zwischen Mensch und Natur, zwischen Klima und Boden.<\/p><p>Die klimatischen Bedingungen in diesem Gebiet sind sehr speziell und einzigartig:<\/p><p>Die N\u00e4he der Julian Prealps bietet einen wirksamen Schutz vor den kalten Nordwinden, und die N\u00e4he der Adria beg\u00fcnstigt das Fortbestehen eines milden, milden und luftigen Klimas mit starken Temperaturschwankungen und reichlich Regenf\u00e4llen, die \u00fcber das ganze Jahr verteilt sind. Diese Kombination von Faktoren schafft v\u00f6llig au\u00dfergew\u00f6hnliche Umweltbedingungen und macht den Collio zu einem der am besten geeigneten Gebiete f\u00fcr die Herstellung hochwertiger Wei\u00dfweine.<\/p><p>Die B\u00f6den des Collio bestehen aus Schichten aus Mergel und geschichtetem Sandstein eozen Ursprungs, die durch das Anheben des Meeresbodens der Adria an die Oberfl\u00e4che gebracht werden. Diese Gesteinsformationen zerfallen leicht unter Einwirkung von atmosph\u00e4rischen Mitteln und bilden ein ideales Substrat f\u00fcr den Weinbau. Dieses Land, das reich an Salzen und Mikroelementen ist, tr\u00e4gt den Namen Ponca und zeichnet sich durch seine Alkalit\u00e4t aus, die den Weinen dieser Region unverwechselbare mineralische Noten, Geschmack und aromatische Komplexit\u00e4t verleiht.<\/p>\t\t\t\t\t<\/div>\n\t\t\t\t\t\t<\/div>\n\t\t\t\t<\/div>\n\t\t\t\t\t\t<\/div>\n\t\t\t\t\t<\/div>\n\t\t<\/div>\n\t\t\t\t<div class=\"elementor-column elementor-col-50 elementor-top-column elementor-element elementor-element-f289817\" data-id=\"f289817\" data-element_type=\"column\">\n\t\t\t<div class=\"elementor-column-wrap elementor-element-populated\">\n\t\t\t\t\t\t\t<div class=\"elementor-widget-wrap\">\n\t\t\t\t\t\t<div class=\"elementor-element elementor-element-8428d81 elementor-widget elementor-widget-image\" data-id=\"8428d81\" data-element_type=\"widget\" data-widget_type=\"image.default\">\n\t\t\t\t<div class=\"elementor-widget-container\">\n\t\t\t\t\t\t\t\t<div class=\"elementor-image\">\n\t\t\t\t\t\t\t\t\t\t\t\t<img decoding=\"async\" width=\"800\" height=\"584\" src=\"https:\/\/duedelmonte.it\/wp-content\/uploads\/2021\/02\/Collio-Italy_Map-1024x747.jpg\" class=\"attachment-large size-large wp-image-396\" alt=\"\" loading=\"lazy\" srcset=\"https:\/\/duedelmonte.it\/wp-content\/uploads\/2021\/02\/Collio-Italy_Map-1024x747.jpg 1024w, https:\/\/duedelmonte.it\/wp-content\/uploads\/2021\/02\/Collio-Italy_Map-700x511.jpg 700w, https:\/\/duedelmonte.it\/wp-content\/uploads\/2021\/02\/Collio-Italy_Map-768x560.jpg 768w, https:\/\/duedelmonte.it\/wp-content\/uploads\/2021\/02\/Collio-Italy_Map-1536x1121.jpg 1536w, https:\/\/duedelmonte.it\/wp-content\/uploads\/2021\/02\/Collio-Italy_Map-2048x1494.jpg 2048w, https:\/\/duedelmonte.it\/wp-content\/uploads\/2021\/02\/Collio-Italy_Map-600x438.jpg 600w, https:\/\/duedelmonte.it\/wp-content\/uploads\/2021\/02\/Collio-Italy_Map-16x12.jpg 16w\" sizes=\"(max-width: 800px) 100vw, 800px\" \/>\t\t\t\t\t\t\t\t\t\t\t\t\t\t<\/div>\n\t\t\t\t\t\t<\/div>\n\t\t\t\t<\/div>\n\t\t\t\t<div class=\"elementor-element elementor-element-b5ce079 elementor-widget elementor-widget-image\" data-id=\"b5ce079\" data-element_type=\"widget\" data-widget_type=\"image.default\">\n\t\t\t\t<div class=\"elementor-widget-container\">\n\t\t\t\t\t\t\t\t<div class=\"elementor-image\">\n\t\t\t\t\t\t\t\t\t\t\t\t<img decoding=\"async\" width=\"800\" height=\"501\" src=\"https:\/\/duedelmonte.it\/wp-content\/uploads\/2021\/02\/Cormons_map-1024x641.jpg\" class=\"attachment-large size-large wp-image-395\" alt=\"\" loading=\"lazy\" srcset=\"https:\/\/duedelmonte.it\/wp-content\/uploads\/2021\/02\/Cormons_map-1024x641.jpg 1024w, https:\/\/duedelmonte.it\/wp-content\/uploads\/2021\/02\/Cormons_map-700x438.jpg 700w, https:\/\/duedelmonte.it\/wp-content\/uploads\/2021\/02\/Cormons_map-768x481.jpg 768w, https:\/\/duedelmonte.it\/wp-content\/uploads\/2021\/02\/Cormons_map-1536x961.jpg 1536w, https:\/\/duedelmonte.it\/wp-content\/uploads\/2021\/02\/Cormons_map-600x375.jpg 600w, https:\/\/duedelmonte.it\/wp-content\/uploads\/2021\/02\/Cormons_map-16x10.jpg 16w, https:\/\/duedelmonte.it\/wp-content\/uploads\/2021\/02\/Cormons_map.jpg 2004w\" sizes=\"(max-width: 800px) 100vw, 800px\" \/>\t\t\t\t\t\t\t\t\t\t\t\t\t\t<\/div>\n\t\t\t\t\t\t<\/div>\n\t\t\t\t<\/div>\n\t\t\t\t\t\t<\/div>\n\t\t\t\t\t<\/div>\n\t\t<\/div>\n\t\t\t\t\t\t\t\t<\/div>\n\t\t\t\t\t<\/div>\n\t\t<\/section>\n\t\t\t\t<section class=\"elementor-section elementor-top-section elementor-element elementor-element-7ebfbee elementor-section-boxed elementor-section-height-default elementor-section-height-default\" data-id=\"7ebfbee\" data-element_type=\"section\">\n\t\t\t\t\t\t<div class=\"elementor-container elementor-column-gap-default\">\n\t\t\t\t\t\t\t<div class=\"elementor-row\">\n\t\t\t\t\t<div class=\"elementor-column elementor-col-33 elementor-top-column elementor-element elementor-element-2d5b8a0\" data-id=\"2d5b8a0\" data-element_type=\"column\">\n\t\t\t<div class=\"elementor-column-wrap elementor-element-populated\">\n\t\t\t\t\t\t\t<div class=\"elementor-widget-wrap\">\n\t\t\t\t\t\t<div class=\"elementor-element elementor-element-989d575 elementor-widget elementor-widget-image\" data-id=\"989d575\" data-element_type=\"widget\" data-widget_type=\"image.default\">\n\t\t\t\t<div class=\"elementor-widget-container\">\n\t\t\t\t\t\t\t\t<div class=\"elementor-image\">\n\t\t\t\t\t\t\t\t\t\t\t\t<img decoding=\"async\" width=\"800\" height=\"534\" src=\"https:\/\/duedelmonte.it\/wp-content\/uploads\/2021\/01\/Monte_DSC_0782_1200px-1024x683.jpg\" class=\"attachment-large size-large wp-image-100\" alt=\"\" loading=\"lazy\" srcset=\"https:\/\/duedelmonte.it\/wp-content\/uploads\/2021\/01\/Monte_DSC_0782_1200px-1024x683.jpg 1024w, https:\/\/duedelmonte.it\/wp-content\/uploads\/2021\/01\/Monte_DSC_0782_1200px-700x467.jpg 700w, https:\/\/duedelmonte.it\/wp-content\/uploads\/2021\/01\/Monte_DSC_0782_1200px-768x512.jpg 768w, https:\/\/duedelmonte.it\/wp-content\/uploads\/2021\/01\/Monte_DSC_0782_1200px-600x400.jpg 600w, https:\/\/duedelmonte.it\/wp-content\/uploads\/2021\/01\/Monte_DSC_0782_1200px-16x12.jpg 16w, https:\/\/duedelmonte.it\/wp-content\/uploads\/2021\/01\/Monte_DSC_0782_1200px.jpg 1200w\" sizes=\"(max-width: 800px) 100vw, 800px\" \/>\t\t\t\t\t\t\t\t\t\t\t\t\t\t<\/div>\n\t\t\t\t\t\t<\/div>\n\t\t\t\t<\/div>\n\t\t\t\t\t\t<\/div>\n\t\t\t\t\t<\/div>\n\t\t<\/div>\n\t\t\t\t<div class=\"elementor-column elementor-col-33 elementor-top-column elementor-element elementor-element-d30a950\" data-id=\"d30a950\" data-element_type=\"column\">\n\t\t\t<div class=\"elementor-column-wrap elementor-element-populated\">\n\t\t\t\t\t\t\t<div class=\"elementor-widget-wrap\">\n\t\t\t\t\t\t<div class=\"elementor-element elementor-element-e1852ab elementor-widget elementor-widget-image\" data-id=\"e1852ab\" data-element_type=\"widget\" data-widget_type=\"image.default\">\n\t\t\t\t<div class=\"elementor-widget-container\">\n\t\t\t\t\t\t\t\t<div class=\"elementor-image\">\n\t\t\t\t\t\t\t\t\t\t\t\t<img decoding=\"async\" src=\"https:\/\/duedelmonte.it\/wp-content\/uploads\/2021\/02\/Soil_2.jpg\" title=\"Soil_2\" alt=\"Soil_2\" loading=\"lazy\" \/>\t\t\t\t\t\t\t\t\t\t\t\t\t\t<\/div>\n\t\t\t\t\t\t<\/div>\n\t\t\t\t<\/div>\n\t\t\t\t\t\t<\/div>\n\t\t\t\t\t<\/div>\n\t\t<\/div>\n\t\t\t\t<div class=\"elementor-column elementor-col-33 elementor-top-column elementor-element elementor-element-d5cd845\" data-id=\"d5cd845\" data-element_type=\"column\">\n\t\t\t<div class=\"elementor-column-wrap elementor-element-populated\">\n\t\t\t\t\t\t\t<div class=\"elementor-widget-wrap\">\n\t\t\t\t\t\t<div class=\"elementor-element elementor-element-6bbe059 elementor-widget elementor-widget-image\" data-id=\"6bbe059\" data-element_type=\"widget\" data-widget_type=\"image.default\">\n\t\t\t\t<div class=\"elementor-widget-container\">\n\t\t\t\t\t\t\t\t<div class=\"elementor-image\">\n\t\t\t\t\t\t\t\t\t\t\t\t<img decoding=\"async\" width=\"800\" height=\"534\" src=\"https:\/\/duedelmonte.it\/wp-content\/uploads\/2021\/01\/Monte_DSC_0833_1200px-1024x683.jpg\" class=\"attachment-large size-large wp-image-101\" alt=\"\" loading=\"lazy\" srcset=\"https:\/\/duedelmonte.it\/wp-content\/uploads\/2021\/01\/Monte_DSC_0833_1200px-1024x683.jpg 1024w, https:\/\/duedelmonte.it\/wp-content\/uploads\/2021\/01\/Monte_DSC_0833_1200px-700x467.jpg 700w, https:\/\/duedelmonte.it\/wp-content\/uploads\/2021\/01\/Monte_DSC_0833_1200px-768x512.jpg 768w, https:\/\/duedelmonte.it\/wp-content\/uploads\/2021\/01\/Monte_DSC_0833_1200px-600x400.jpg 600w, https:\/\/duedelmonte.it\/wp-content\/uploads\/2021\/01\/Monte_DSC_0833_1200px-16x12.jpg 16w, https:\/\/duedelmonte.it\/wp-content\/uploads\/2021\/01\/Monte_DSC_0833_1200px.jpg 1200w\" sizes=\"(max-width: 800px) 100vw, 800px\" \/>\t\t\t\t\t\t\t\t\t\t\t\t\t\t<\/div>\n\t\t\t\t\t\t<\/div>\n\t\t\t\t<\/div>\n\t\t\t\t\t\t<\/div>\n\t\t\t\t\t<\/div>\n\t\t<\/div>\n\t\t\t\t\t\t\t\t<\/div>\n\t\t\t\t\t<\/div>\n\t\t<\/section>\n\t\t\t\t\t\t\t\t\t<\/div>\n\t\t\t<\/div>\n\t\t\t\t\t<\/div>","protected":false},"excerpt":{"rendered":"<p>The COLLIO region The borderlands cause a particular charm in the eyes and hearts of travelers. The Collio is one of these: a pre-alpine area still partly unspoiled, a unique territory, a treasure of natural beauty, an area full of contrasts, mergers and cultural traditions. Located in the Northeast of Friuli Venezia Giulia, in the [&hellip;]<\/p>","protected":false},"author":1,"featured_media":0,"parent":0,"menu_order":0,"comment_status":"closed","ping_status":"closed","template":"elementor_theme","meta":{"inline_featured_image":false},"acf":[],"_links":{"self":[{"href":"https:\/\/duedelmonte.it\/de\/wp-json\/wp\/v2\/pages\/85"}],"collection":[{"href":"https:\/\/duedelmonte.it\/de\/wp-json\/wp\/v2\/pages"}],"about":[{"href":"https:\/\/duedelmonte.it\/de\/wp-json\/wp\/v2\/types\/page"}],"author":[{"embeddable":true,"href":"https:\/\/duedelmonte.it\/de\/wp-json\/wp\/v2\/users\/1"}],"replies":[{"embeddable":true,"href":"https:\/\/duedelmonte.it\/de\/wp-json\/wp\/v2\/comments?post=85"}],"version-history":[{"count":79,"href":"https:\/\/duedelmonte.it\/de\/wp-json\/wp\/v2\/pages\/85\/revisions"}],"predecessor-version":[{"id":1110,"href":"https:\/\/duedelmonte.it\/de\/wp-json\/wp\/v2\/pages\/85\/revisions\/1110"}],"wp:attachment":[{"href":"https:\/\/duedelmonte.it\/de\/wp-json\/wp\/v2\/media?parent=85"}],"curies":[{"name":"wp","href":"https:\/\/api.w.org\/{rel}","templated":true}]}}